{"id":99,"date":"2014-08-12T20:01:52","date_gmt":"2014-08-12T20:01:52","guid":{"rendered":"http:\/\/antarctic-research.de\/wordpress2014\/?page_id=99"},"modified":"2023-06-30T12:54:19","modified_gmt":"2023-06-30T10:54:19","slug":"externe-projekte","status":"publish","type":"page","link":"https:\/\/antarctic-research.de\/wordpress2014\/research-conservation-2-2\/scientific-projects-2\/externe-projekte\/","title":{"rendered":"Externe Projekte"},"content":{"rendered":"<p>Neben eigenen Projekten unterst\u00fctzt der ART auch auf vielf\u00e4ltige Weise externe Untersuchungen, mit Schwerpunkt auf Langzeit-Monitoring-Projekten. Im Folgenden einige Beispiele:<\/p>\n<ul style=\"color: #333333;\">\n<li>Untersuchungen zu den saisonalen Wanderungen und Immigration von Falkland-Karakaras auf der Isla de los Estados, Argentinien, mittels GPS-Satellitensendern (seit 2017; Ulises Balza, CONICET &#8211; CADIC).&nbsp;<\/li>\n<li>Bek\u00e4mpfung eingeschleppter Pflanzen auf den Falklandinseln (seit 2015; Island LandCare, Stanley, Falklandinseln).<\/li>\n<li>Monitoring-Programm zur Vogelfauna im Bereich von Stanley Harbour und Cape Pembroke (seit 2013; Island LandCare, Stanley, Falklandinseln).<\/li>\n<li>Bestandsaufnahme von Flora und Fauna auf Tussock-Inseln der Falklands (seit 2008; Island LandCare, Stanley, Falklandinseln).<\/li>\n<li>Monitoring-Programm zur \u00d6kologie und Biologie von Seev\u00f6geln und Meeress\u00e4ugern im Beagle-Kanal und auf Isla de los Estados, Argentinien (seit 2007; Dr. Andrea Raya Rey &amp; Dr. Sabrina Harris, CONICET &#8211; CADIC, Ushuaia, Argentinien).<\/li>\n<li>Untersuchungen zur Verteilung juveniler Gelbaugenpinguine (2018; Melanie Young, University of Otago, Neuseeland)<\/li>\n<li>Monitoring-Programm zur Bestandsentwicklung und Gef\u00e4hrdung von Wanderalbatrossen durch Tourismus auf Albatross und Prion Island, S\u00fcdgeorgien (2007-2019; South Georgia Surveys, Stanley, Falklandinseln).<\/li>\n<li>Untersuchungen zum <a href=\"http:\/\/inta.gob.ar\/documentos\/los-cauquenes-son-de-todos-estudio-de-la-ruta-migratoria-del-cauquen-colorado-chloephaga-rubidiceps\" target=\"_blank\" rel=\"noopener noreferrer\">Zugverhalten von Spiegelg\u00e4nsen<\/a> in Patagonien, S\u00fcdamerika (2013-2018; Dr. Julieta Pedrana, CONICET &#8211; INTA, Balcarce, Argentinien).<\/li>\n<li>Ausrottung von eingeschleppten Tierarten (z.B. Ratten, M\u00e4use) auf ausgew\u00e4hlten Inseln der Falklands (2007-2018; Island LandCare, Stanley, Falklandinseln).<\/li>\n<li>Wanderverhalten von juvenilen Schwarzbrauen- und Wanderalbatrossen von S\u00fcdgeorgien (2009; Dr. Richard Phillips, British Antarctic Survey, UK).<\/li>\n<li>Genetische Untersuchungen an eingeschleppten Nagetieren auf den Falklandinseln (2007-2010; Island LandCare, Stanley, Falklandinseln).<\/li>\n<li><a href=\"http:\/\/smsg-falklands.org\/\" target=\"_blank\" rel=\"noopener noreferrer\">Tauchuntersuchungen<\/a> zur Verbreitung und Zusammensetzung wirbelloser Tiere im Flachwasserbereich der Falklands (2007) inkl. Erstellung eines fotografischen Bestimmungsschl\u00fcssels (erschienen 2013).<\/li>\n<li>Untersuchungen zur Sozialstruktur von Grindwalen bei einer auf den Falklands gestrandeten Walschule (2005-06).<\/li>\n<\/ul>\n<p><img loading=\"lazy\" decoding=\"async\" class=\"size-full wp-image-102 aligncenter\" src=\"https:\/\/antarctic-research.de\/wordpress2014\/wp-content\/uploads\/2014\/08\/Seminar067.jpg\" alt=\"\" width=\"1024\" height=\"728\" srcset=\"https:\/\/antarctic-research.de\/wordpress2014\/wp-content\/uploads\/2014\/08\/Seminar067.jpg 1024w, https:\/\/antarctic-research.de\/wordpress2014\/wp-content\/uploads\/2014\/08\/Seminar067-300x213.jpg 300w\" sizes=\"auto, (max-width: 1024px) 100vw, 1024px\" \/><\/p>\n<p><strong>Einige ausgew\u00e4hlte Publikationen aus diesen Projekten:<\/strong><\/p>\n<ul>\n<li>Balza, U. R. Brasso, N.A. Lois, K. P\u00fctz &amp; A. Raya Rey (2021) The highest mercury concentrations ever reported in a South American bird, the Striated Caracara (<em>Phalcoboenus australis<\/em>). Polar Biology 44: 2189\u20132193<\/li>\n<li>Balza, U., N.A. Lois, M.J. Polito, K. P\u00fctz, A. Salom &amp; A. Raya Rey (2020) The dynamic trophic niche of a terrestrial predator and its relation to marine pulsed resources. Ecology and Evolution 10: 12264\u201312276<\/li>\n<li>Young, M.J., P.J. Seddon, K. P\u00fctz, P. Agnew, T. Mattern, R.P. Hickcox, B.C. Robertson &amp; Y. van Heezik (2022) Conservation implications for post-fledging dispersal of yellow-eyed penguins\/hoiho. Marine Ecology Progress Series 695: 173-188<\/li>\n<li>Pedrana, J, A. Goros\u00e1bel, L. Kazimierski, K. P\u00fctz, L. Bernad &amp; K. Lanari (2022) Weather conditions affect spring migration departure of Ruddy-headed Goose in the southern Pampas, Argentina. EMU 122(2): 144-149<\/li>\n<li>Pedrana, J., K. P\u00fctz, L. Bernad, S. Mu\u00f1oz, A. Goros\u00e1bel, G. Castresana, A. Leiss &amp; J.P. Seco Pon (2020) Spatial and temporal variation in the migration of Ruddy-headed Goose in southern South America using satellite tagging. Bird Conservation International 30(4): 634-648.<\/li>\n<li>Pedrana, P., P\u00fctz, L. Bernad, J.P. Seco Pon, A. Gorosabel, S.D. Mu\u00f1oz, J.P. Isacch, R. Matus, O. Blank, B. L\u00fcthi, M. Lunardelli &amp; P. Rojas (2018) Migration routes and stopover sites of Upland Geese <em>Chloephaga picta<\/em> in Southern South America. Avian Biology Research 11: 80-88<\/li>\n<li>Pedrana, J, JP Seco Pon, JP Isacch, A Leiss, PO Rojas, G Castresana, J Calvo, L Bernad, SD Mu\u00f1oz, NO Maceira &amp; K P\u00fctz (2015) First insights into the migration pattern of an upland goose based on satellite tracking. Ornitologia Neotropical 26: 245\u2013253.<\/li>\n<li>Hingston, M., Poncet, K. Passfield, M.A. Tabak, S.I. Gabriel, S.B. Piertney &amp; J.C. Russell (2016) Phylogeography of <em>Rattus norvegicus<\/em> in the South Atlantic Ocean. Diversity: 8(4): 32<\/li>\n<li>Poncet, S., A.C. Wolfaardt, A. Black, S. Browning, K. Lawton, J. Lee, K. Passfield, G. Strange &amp; R.A. Phillips (2017) Recent trends in numbers of wandering (<em>Diomedea exulans<\/em>), black-browed (<em>Thalassarche melanophris<\/em>) and grey-headed (<em> chrysostoma<\/em>) albatrosses breeding at South Georgia. Polar Biology 40: 1347-1358<\/li>\n<li>Poncet, S., K. Passfield, A. Kuepfer &amp; M.A. Tabak (2019) The effect of Norway rats on coastal waterbirds of the Falkland Islands: a preliminary analysis. In: C.R. Veitch, M.N. Clout, A.R. Martin, J.C. Russell &amp; C.J. West (eds.) Island invasives: scaling up to meet the challenge, pp. 147\u2013153. Occasional Paper SSC no. 62. Gland, Switzerland: IUCN.<\/li>\n<li>Tabak, M.A., O.R.J. Anderson, G. Robb, Poncet, K. Passfield, M.G. Martinez &amp; C. Martinez del Rio (2016) Comparative isotopic natural history of two native passerines (<em>Troglodytes cobbi<\/em> and <em>Cinclodes antarcticus<\/em>) and the invasive rats (<em>Rattus norvegicus<\/em>) that extirpate them. Austral Ecology DOI:10.1111\/aec.12351<\/li>\n<li>Tabak, MA, ORJ Aanderson, G Robb, S Poncet, K Passfield, M Gaste Martinez &amp; C Martinez del Rio (2016) Comparative isotopic natural history of two native passerines (<em>Troglodytes cobbi<\/em> and <em>Cinclodes antarcticus<\/em>) and the invasive rats (<em>Rattus norvegicus<\/em>) that extirpate them. Austral Ecology. doi:10.1111\/aec.12351<\/li>\n<li>Tabak, M.A., Poncet, K. Passfield, J. R. Goheen &amp; C. Martinez del Rio (2016) The ghost of invasives past: rat eradication and the community composition and energy flow of island bird communities. Ecosphere 7(8):e01442.10.1002\/ecs2.1442.<\/li>\n<li>Tabak, M. A., Poncet, K. Passfield, M.D. Carling &amp; C. Martinez del Rio (2015). The relationship between distance and genetic similarity among invasive rat populations in the Falkland Islands. Conservation Genetics 16:125\u2013135. DOI 10.1007\/s10592-014-0646-4<\/li>\n<li>Tabak, M. A., Poncet, K. Passfield &amp; C. Martinez del Rio (2015). Modeling the distribution of Norway rats (<em>Rattus norvegicus<\/em>) on offshore islands in the Falkland Islands. NeoBiota 24: 33\u201348. DOI: 10.3897\/neobiota.24.8433<\/li>\n<li>Jones HP, ND Holmes, SHM Butchart, BR Tershy, PJ Kappes, I Corkery, A Aguirre-Mu\u00f1oz, DP Armstrong, E Bonnaud, AA Burbidge, K Campbell, F Courchamp, PE Cowan, RJ Cuthbert, S Ebbert, P Genovesi, GR Howald, BS Keitt, SW Kress, CM Miskelly, S Oppel, S Poncet, MJ Rauzon, G Rocamora, JC Russell, A Samaniego-Herrera, PJ Seddon, DR Spatz, DR Towns &amp; DA Croll (2015) Invasive mammal eradication on islands results in substantial conservation gains. Proceedings of the National Academy of Sciences of the Unites States of America. 1073\/pnas.1521179113<\/li>\n<li>Tabak, M.A., Poncet, K. Passfield, J.R. Goheen &amp; C. Martinez del Rio (2014) Rat eradication and the resistance and resilience of passerine bird assemblages in the Falkland Islands. Journal of Animal Ecology 10\/2014; DOI: 10.1111\/1365-2656.12312<\/li>\n<li>Tabak MA, Poncet, K. Passfield &amp; C. Martinez del Rio (2014) Invasive species and land bird diversity on remote South Atlantic Islands. Biological Invasions 16, 341-352.<\/li>\n<li>Poncet, L. Poncet, D. Poncet, D. Christie, C. Dockrill, and D. Brown (2011) Introduced mammal eradications in the Falkland Islands and South Georgia. In C.R. Veitch, M.N. Clout &amp; D.R. Towns (eds.) Island invasives: eradication and management. IUCN, Gland, Switzerland.<\/li>\n<li>St Clair, J.J.H., S. Poncet, D.K. Sheehan, T. Sz\u00e9kely &amp; G.M. Hilton (2011) Responses of an island endemic invertebrate to rodent invasion and eradication. Animal Conservation 14(1): 66\u201373<\/li>\n<\/ul>\n","protected":false},"excerpt":{"rendered":"<p>Neben eigenen Projekten unterst\u00fctzt der ART auch auf vielf\u00e4ltige Weise externe Untersuchungen, mit Schwerpunkt auf Langzeit-Monitoring-Projekten. Im Folgenden einige Beispiele: Untersuchungen zu den saisonalen Wanderungen und Immigration von Falkland-Karakaras auf der Isla de los Estados, Argentinien, mittels GPS-Satellitensendern (seit 2017; <span class=\"excerpt-dots\">&hellip;<\/span> <a class=\"more-link\" href=\"https:\/\/antarctic-research.de\/wordpress2014\/research-conservation-2-2\/scientific-projects-2\/externe-projekte\/\"><span class=\"more-msg\">Weiterlesen &rarr;<\/span><\/a><\/p>\n","protected":false},"author":2,"featured_media":459,"parent":43,"menu_order":7,"comment_status":"closed","ping_status":"open","template":"","meta":{"ngg_post_thumbnail":0,"footnotes":""},"class_list":["post-99","page","type-page","status-publish","has-post-thumbnail","hentry"],"_links":{"self":[{"href":"https:\/\/antarctic-research.de\/wordpress2014\/wp-json\/wp\/v2\/pages\/99","targetHints":{"allow":["GET"]}}],"collection":[{"href":"https:\/\/antarctic-research.de\/wordpress2014\/wp-json\/wp\/v2\/pages"}],"about":[{"href":"https:\/\/antarctic-research.de\/wordpress2014\/wp-json\/wp\/v2\/types\/page"}],"author":[{"embeddable":true,"href":"https:\/\/antarctic-research.de\/wordpress2014\/wp-json\/wp\/v2\/users\/2"}],"replies":[{"embeddable":true,"href":"https:\/\/antarctic-research.de\/wordpress2014\/wp-json\/wp\/v2\/comments?post=99"}],"version-history":[{"count":51,"href":"https:\/\/antarctic-research.de\/wordpress2014\/wp-json\/wp\/v2\/pages\/99\/revisions"}],"predecessor-version":[{"id":1958,"href":"https:\/\/antarctic-research.de\/wordpress2014\/wp-json\/wp\/v2\/pages\/99\/revisions\/1958"}],"up":[{"embeddable":true,"href":"https:\/\/antarctic-research.de\/wordpress2014\/wp-json\/wp\/v2\/pages\/43"}],"wp:featuredmedia":[{"embeddable":true,"href":"https:\/\/antarctic-research.de\/wordpress2014\/wp-json\/wp\/v2\/media\/459"}],"wp:attachment":[{"href":"https:\/\/antarctic-research.de\/wordpress2014\/wp-json\/wp\/v2\/media?parent=99"}],"curies":[{"name":"wp","href":"https:\/\/api.w.org\/{rel}","templated":true}]}}