{"id":95,"date":"2014-08-12T19:58:54","date_gmt":"2014-08-12T19:58:54","guid":{"rendered":"http:\/\/antarctic-research.de\/wordpress2014\/?page_id=95"},"modified":"2023-06-30T12:42:59","modified_gmt":"2023-06-30T10:42:59","slug":"eselspinguine","status":"publish","type":"page","link":"https:\/\/antarctic-research.de\/wordpress2014\/research-conservation-2-2\/scientific-projects-2\/eselspinguine\/","title":{"rendered":"Eselspinguine"},"content":{"rendered":"<p style=\"text-align: justify;\"><a href=\"https:\/\/antarctic-research.de\/wordpress2014\/wp-content\/uploads\/2014\/08\/Gentoo.jpg\"><img loading=\"lazy\" decoding=\"async\" class=\"size-medium wp-image-488 alignright\" src=\"https:\/\/antarctic-research.de\/wordpress2014\/wp-content\/uploads\/2014\/08\/Gentoo-300x244.jpg\" alt=\"\" width=\"300\" height=\"244\" srcset=\"https:\/\/antarctic-research.de\/wordpress2014\/wp-content\/uploads\/2014\/08\/Gentoo-300x244.jpg 300w, https:\/\/antarctic-research.de\/wordpress2014\/wp-content\/uploads\/2014\/08\/Gentoo-768x625.jpg 768w, https:\/\/antarctic-research.de\/wordpress2014\/wp-content\/uploads\/2014\/08\/Gentoo.jpg 873w\" sizes=\"auto, (max-width: 300px) 100vw, 300px\" \/><\/a>Der Bestand an Eselspinguinen auf den Falklandinseln unterliegt starken Schwankungen (1,2). Ob diese Schwankungen ausschlie\u00dflich auf nat\u00fcrliche Ursachen zur\u00fcckzuf\u00fchren sind, oder ob menschliche Aktivit\u00e4ten dazu beitragen, ist noch weitgehend unbekannt (3). Untersuchungen zur Brutbiologie der Tiere auf den Falklands zeigten nur geringe Unterschiede im Vergleich zu Artgenossen in der Antarktis und dem Indischen Ozean auf (4). Im Gegensatz zu allen anderen Pinguinarten halten sich Eselspinguine aber ganzj\u00e4hrig im k\u00fcstennahen Bereich der Falklands auf und sind daher sowohl an Land als auch im Meer permanent Gefahren durch menschliche Aktivit\u00e4ten ausgesetzt (5). In einer kleinen, erst seit wenigen Jahren bestehenden Kolonie auf der Isla Martillo im Beagle-Kanal, Argentinien, haben wir die Ern\u00e4hrungs\u00f6kologie der Eselspinguine im Hinblick auf zwischenartliche Konkurrenz zu den ebenfalls dort vorkommenden Magellanpinguinen untersucht und deutliche Unterschiede in der Ern\u00e4hrungs\u00f6kologie aufzeigen k\u00f6nnen (6,7).&nbsp;<\/p>\n<ul style=\"color: #333333;\">\n<li>(1)&nbsp;P\u00fctz, K., R.J. Ingham, J.G. Smith &amp; J.P. Croxall (2001) Population trends, breeding success and diet composition of gentoo&nbsp;<em>Pygoscelis papua<\/em>, magellanic&nbsp;<em>Spheniscus magellanicus<\/em>&nbsp;and rockhopper&nbsp;<em>Eudyptes chrysocome<\/em>&nbsp;penguins in the Falkland Islands. Polar Biology 24: 793-807<\/li>\n<li>(2) Clausen, A.P. &amp;&nbsp;K. P\u00fctz&nbsp;(2002) Recent trends in diet composition and productivity of Gentoo, Magellanic and Rockhopper Penguins in the Falkland Islands. Aquatic Conservation 12: 51-61<\/li>\n<li>(3) Trathan, P.N., P. Garc\u00eda-Borboroglu, P.D. Boersma, C.A. Bost, R.J.M. Crawford, G.T. Crossin, R.J. Cuthbert, P. Dann, L.S. Davis, S. de la Puente, U. Ellenberg, H.J. Lynch, T. Mattern,&nbsp;K. P\u00fctz, P.J. Seddon, W. Trivelpiece &amp; B. Wienecke (2014) Pollution, habitat loss, fishing and climate change as critical threats to penguins. Conservation Biology DOI:&nbsp;10.1111\/cobi.12349<\/li>\n<li>(4) Otley, H.M., A.P. Clausen, D.J. Christie &amp;&nbsp;K. P\u00fctz&nbsp;(2004) Aspects of the breeding biology of Gentoo Penguins (<em>Pygoscelis papua<\/em>) at Volunteer Beach, Falkland Islands, 2001\/02. Marine Ornithology 32: 167-171<\/li>\n<li>(5) Clausen, A.P. &amp;&nbsp;K. P\u00fctz&nbsp;(2003) Winter diet and foraging range of gentoo penguins (<em>Pygoscelis papua<\/em>) from Kidney Cove, Falkland Islands. Polar Biology 26: 32-40<\/li>\n<li>(6) Harris, S., G. Scioscia, K. P\u00fctz, T. Mattern &amp; A. Raya Rey (2020) Niche partitioning between coexisting Gentoo <em>Pygoscelis papua<\/em> and Magellanic penguins <em>Spheniscus magellanicus<\/em> at Martillo Island, Argentina. Marine Biology 167: 105<\/li>\n<li>(7) Harris, S., K. P\u00fctz, T. Mattern, G. Scioscia &amp; A. Raya Rey (2023) The role of conspecifics during pelagic foraging of Magellanic and benthic foraging of Gentoo penguins in the Beagle Channel, Argentina. Marine Biology 170: 17<\/li>\n<\/ul>\n","protected":false},"excerpt":{"rendered":"<p>Der Bestand an Eselspinguinen auf den Falklandinseln unterliegt starken Schwankungen (1,2). Ob diese Schwankungen ausschlie\u00dflich auf nat\u00fcrliche Ursachen zur\u00fcckzuf\u00fchren sind, oder ob menschliche Aktivit\u00e4ten dazu beitragen, ist noch weitgehend unbekannt (3). Untersuchungen zur Brutbiologie der Tiere auf den Falklands zeigten <span class=\"excerpt-dots\">&hellip;<\/span> <a class=\"more-link\" href=\"https:\/\/antarctic-research.de\/wordpress2014\/research-conservation-2-2\/scientific-projects-2\/eselspinguine\/\"><span class=\"more-msg\">Weiterlesen &rarr;<\/span><\/a><\/p>\n","protected":false},"author":2,"featured_media":487,"parent":43,"menu_order":4,"comment_status":"closed","ping_status":"open","template":"","meta":{"ngg_post_thumbnail":0,"footnotes":""},"class_list":["post-95","page","type-page","status-publish","has-post-thumbnail","hentry"],"_links":{"self":[{"href":"https:\/\/antarctic-research.de\/wordpress2014\/wp-json\/wp\/v2\/pages\/95","targetHints":{"allow":["GET"]}}],"collection":[{"href":"https:\/\/antarctic-research.de\/wordpress2014\/wp-json\/wp\/v2\/pages"}],"about":[{"href":"https:\/\/antarctic-research.de\/wordpress2014\/wp-json\/wp\/v2\/types\/page"}],"author":[{"embeddable":true,"href":"https:\/\/antarctic-research.de\/wordpress2014\/wp-json\/wp\/v2\/users\/2"}],"replies":[{"embeddable":true,"href":"https:\/\/antarctic-research.de\/wordpress2014\/wp-json\/wp\/v2\/comments?post=95"}],"version-history":[{"count":18,"href":"https:\/\/antarctic-research.de\/wordpress2014\/wp-json\/wp\/v2\/pages\/95\/revisions"}],"predecessor-version":[{"id":1947,"href":"https:\/\/antarctic-research.de\/wordpress2014\/wp-json\/wp\/v2\/pages\/95\/revisions\/1947"}],"up":[{"embeddable":true,"href":"https:\/\/antarctic-research.de\/wordpress2014\/wp-json\/wp\/v2\/pages\/43"}],"wp:featuredmedia":[{"embeddable":true,"href":"https:\/\/antarctic-research.de\/wordpress2014\/wp-json\/wp\/v2\/media\/487"}],"wp:attachment":[{"href":"https:\/\/antarctic-research.de\/wordpress2014\/wp-json\/wp\/v2\/media?parent=95"}],"curies":[{"name":"wp","href":"https:\/\/api.w.org\/{rel}","templated":true}]}}