{"id":8,"date":"2014-05-13T09:08:38","date_gmt":"2014-05-13T09:08:38","guid":{"rendered":"http:\/\/antarctic-research.de\/wordpress2014\/?page_id=8"},"modified":"2025-06-25T10:38:37","modified_gmt":"2025-06-25T08:38:37","slug":"home-2","status":"publish","type":"page","link":"https:\/\/antarctic-research.de\/wordpress2014\/","title":{"rendered":"Start"},"content":{"rendered":"<p>&nbsp;<\/p>\n<p style=\"text-align: justify;\"><a href=\"https:\/\/antarctic-research.de\/wordpress2014\/wp-content\/uploads\/2014\/08\/elephant.gif\"><img loading=\"lazy\" decoding=\"async\" class=\" wp-image-30 alignleft\" src=\"https:\/\/antarctic-research.de\/wordpress2014\/wp-content\/uploads\/2014\/08\/elephant-300x155.gif\" alt=\"\" width=\"354\" height=\"183\"><\/a>Der Antarctic Research Trust (ART), gegr\u00fcndet 1997, ist eine eingetragene Stiftung mit Sitz auf den Falkland Inseln (seit 1999), in der&nbsp;<a href=\"http:\/\/www.moneyhouse.ch\/u\/antarctic_research_trust_%28switzerland%29_CH-020.7.001.007-1.htm\" target=\"_blank\" rel=\"noopener noreferrer\">Schweiz<\/a><span style=\"color: #333333;\"> (seit 2002) und in den USA (seit 2004). Das Ziel der Stiftung ist es, wissenschaftliche Forschung an antarktischen und subantarktischen Tieren durchzuf\u00fchren bzw. zu unterst\u00fctzen, um diese Tiere und ihren Lebensraum besser sch\u00fctzen zu k\u00f6nnen. Eine finanzielle Unterst\u00fctzung wird nur f\u00fcr Material- und Reisekosten gew\u00e4hrt, nicht jedoch f\u00fcr Geh\u00e4lter und Verwaltungskosten (Overheads).<br \/>\n<\/span><\/p>\n<p style=\"text-align: justify;\"><span style=\"color: #333333;\">&nbsp;<\/span><\/p>\n<p style=\"text-align: justify;\"><a href=\"https:\/\/youtu.be\/xvz-RzQiPIY\" target=\"_blank\" rel=\"noopener noreferrer\">Dokumentationsfilm<\/a> \u00fcber unsere bisherigen Aktivit\u00e4ten (Stand Januar 2023) auf der Insel Hummock.<\/p>\n<p>Unseren neuesten Newsletter k\u00f6nnen Sie immer hier herunterladen: <a href=\"https:\/\/antarctic-research.de\/wordpress2014\/?page_id=744\" target=\"_blank\" rel=\"noopener noreferrer\">Newsletter<\/a><\/p>\n<hr>\n<p>Unseren neuen Kalender f\u00fcr das Jahr 2026 k\u00f6nnen sie jetzt <a href=\"https:\/\/www.antarctic-research.de\/?page_id=128\">erwerben<\/a>. Eine Vorschau finden sie <a href=\"https:\/\/www.antarctic-research.de\/?page_id=351\">hier<\/a>.<\/p>\n<p><a href=\"https:\/\/antarctic-research.de\/wordpress2014\/wp-content\/uploads\/2025\/06\/01-BHL_1679_web.jpg\"><img loading=\"lazy\" decoding=\"async\" class=\"alignnone size-medium wp-image-2310\" src=\"https:\/\/antarctic-research.de\/wordpress2014\/wp-content\/uploads\/2025\/06\/01-BHL_1679_web-300x199.jpg\" alt=\"\" width=\"300\" height=\"199\" srcset=\"https:\/\/antarctic-research.de\/wordpress2014\/wp-content\/uploads\/2025\/06\/01-BHL_1679_web-300x199.jpg 300w, https:\/\/antarctic-research.de\/wordpress2014\/wp-content\/uploads\/2025\/06\/01-BHL_1679_web-768x510.jpg 768w, https:\/\/antarctic-research.de\/wordpress2014\/wp-content\/uploads\/2025\/06\/01-BHL_1679_web.jpg 1024w\" sizes=\"auto, (max-width: 300px) 100vw, 300px\" \/><\/a><\/p>\n","protected":false},"excerpt":{"rendered":"<p>&nbsp; Der Antarctic Research Trust (ART), gegr\u00fcndet 1997, ist eine eingetragene Stiftung mit Sitz auf den Falkland Inseln (seit 1999), in der&nbsp;Schweiz (seit 2002) und in den USA (seit 2004). Das Ziel der Stiftung ist es, wissenschaftliche Forschung an antarktischen <span class=\"excerpt-dots\">&hellip;<\/span> <a class=\"more-link\" href=\"https:\/\/antarctic-research.de\/wordpress2014\/\"><span class=\"more-msg\">Weiterlesen &rarr;<\/span><\/a><\/p>\n","protected":false},"author":2,"featured_media":460,"parent":0,"menu_order":0,"comment_status":"closed","ping_status":"closed","template":"","meta":{"ngg_post_thumbnail":0,"footnotes":""},"class_list":["post-8","page","type-page","status-publish","has-post-thumbnail","hentry"],"_links":{"self":[{"href":"https:\/\/antarctic-research.de\/wordpress2014\/wp-json\/wp\/v2\/pages\/8","targetHints":{"allow":["GET"]}}],"collection":[{"href":"https:\/\/antarctic-research.de\/wordpress2014\/wp-json\/wp\/v2\/pages"}],"about":[{"href":"https:\/\/antarctic-research.de\/wordpress2014\/wp-json\/wp\/v2\/types\/page"}],"author":[{"embeddable":true,"href":"https:\/\/antarctic-research.de\/wordpress2014\/wp-json\/wp\/v2\/users\/2"}],"replies":[{"embeddable":true,"href":"https:\/\/antarctic-research.de\/wordpress2014\/wp-json\/wp\/v2\/comments?post=8"}],"version-history":[{"count":66,"href":"https:\/\/antarctic-research.de\/wordpress2014\/wp-json\/wp\/v2\/pages\/8\/revisions"}],"predecessor-version":[{"id":2311,"href":"https:\/\/antarctic-research.de\/wordpress2014\/wp-json\/wp\/v2\/pages\/8\/revisions\/2311"}],"wp:featuredmedia":[{"embeddable":true,"href":"https:\/\/antarctic-research.de\/wordpress2014\/wp-json\/wp\/v2\/media\/460"}],"wp:attachment":[{"href":"https:\/\/antarctic-research.de\/wordpress2014\/wp-json\/wp\/v2\/media?parent=8"}],"curies":[{"name":"wp","href":"https:\/\/api.w.org\/{rel}","templated":true}]}}