{"id":710,"date":"2017-02-15T10:03:30","date_gmt":"2017-02-15T09:03:30","guid":{"rendered":"http:\/\/antarctic-research.de\/?page_id=710"},"modified":"2025-08-07T14:33:18","modified_gmt":"2025-08-07T12:33:18","slug":"english-dickschnabelpinguin-tawaki","status":"publish","type":"page","link":"https:\/\/antarctic-research.de\/wordpress2014\/research-conservation-2-2\/scientific-projects-2\/english-dickschnabelpinguin-tawaki\/","title":{"rendered":"Dickschnabelpinguine &#8218;Tawaki&#8216;"},"content":{"rendered":"<p><span style=\"color: #333333;\">\u00dcber die Biologie der Dickschnabelpinguine oder &#8218;Tawaki&#8216; ist sehr wenig bekannt, sie geh\u00f6ren zu den am wenigsten erforschten Pinguinarten \u00fcberhaupt. Tawaki kommen nur im s\u00fcdlichen Bereich der Westk\u00fcste von Neuseelands S\u00fcdinsel und einigen der S\u00fcdspitze vorgelagerten Inseln vor. Sie br\u00fcten einzeln oder in kleinen Gruppen im dichten Unterholz des kalten Regenwaldes in H\u00f6hlen oder Kavernen.<\/span><img loading=\"lazy\" decoding=\"async\" class=\"alignright wp-image-1606\" src=\"https:\/\/antarctic-research.de\/wordpress2014\/wp-content\/uploads\/2022\/03\/Tawaki-Portrait.jpg\" alt=\"\" width=\"315\" height=\"309\" srcset=\"https:\/\/antarctic-research.de\/wordpress2014\/wp-content\/uploads\/2022\/03\/Tawaki-Portrait.jpg 800w, https:\/\/antarctic-research.de\/wordpress2014\/wp-content\/uploads\/2022\/03\/Tawaki-Portrait-300x294.jpg 300w, https:\/\/antarctic-research.de\/wordpress2014\/wp-content\/uploads\/2022\/03\/Tawaki-Portrait-768x753.jpg 768w\" sizes=\"auto, (max-width: 315px) 100vw, 315px\" \/><\/p>\n<p style=\"text-align: justify;\">Im Rahmen eines auf 5 Jahre angelegten Projekt (2014-19) in Kooperation mit Dr. Thomas Mattern und Dr. Ursula Ellenberg wird ihre Ern\u00e4hrungs\u00f6kologie, \u00fcber die bisher keine Kenntnisse vorliegen, eingehender untersucht. Dabei kommen eine ganze Reihe verschiedener Datenspeicher und -sender zum Einsatz. Die Verteilung der Tiere zwischen der Brutsaison und der j\u00e4hrlichen Mauser konnte bereits eingehender untersucht werden und hat erstaunliche Ergebnisse geliefert: In dieser etwa 2 Monate dauernden Zeit auf See schwammen die Tiere bis zu 2,500 km in s\u00fcdwestlicher Richtung von der Kolonie, insgesamt legten sie in dem Zeitraum bis zu 6,800 km zur\u00fcck (1). Derzeit untersuchen wir mittels Satellitentelemetrie und Lichtsensoren die Winterwanderungen der Dickschnabelpinguine (2), u.a. auf zwischenartliche Konkurrenz zum nahe verwandten SnaresPinguin (3). Weitere Informationen erhalten Sie auf der <a href=\"http:\/\/www.tawaki-project.org\/\" target=\"_blank\" rel=\"noopener\">Webseite<\/a> des Projekts sowie auf <a href=\"https:\/\/www.facebook.com\/TawakiProject\/\" target=\"_blank\" rel=\"noopener\">Facebook<\/a>.&nbsp;<\/p>\n<div id=\"attachment_1605\" style=\"width: 2260px\" class=\"wp-caption aligncenter\"><img loading=\"lazy\" decoding=\"async\" aria-describedby=\"caption-attachment-1605\" class=\"wp-image-1605 size-full\" src=\"https:\/\/antarctic-research.de\/wordpress2014\/wp-content\/uploads\/2022\/03\/Tawaki-premoult-distribution.png\" alt=\"\" width=\"2250\" height=\"1910\" srcset=\"https:\/\/antarctic-research.de\/wordpress2014\/wp-content\/uploads\/2022\/03\/Tawaki-premoult-distribution.png 2250w, https:\/\/antarctic-research.de\/wordpress2014\/wp-content\/uploads\/2022\/03\/Tawaki-premoult-distribution-300x255.png 300w, https:\/\/antarctic-research.de\/wordpress2014\/wp-content\/uploads\/2022\/03\/Tawaki-premoult-distribution-1024x869.png 1024w, https:\/\/antarctic-research.de\/wordpress2014\/wp-content\/uploads\/2022\/03\/Tawaki-premoult-distribution-768x652.png 768w, https:\/\/antarctic-research.de\/wordpress2014\/wp-content\/uploads\/2022\/03\/Tawaki-premoult-distribution-1536x1304.png 1536w, https:\/\/antarctic-research.de\/wordpress2014\/wp-content\/uploads\/2022\/03\/Tawaki-premoult-distribution-2048x1739.png 2048w\" sizes=\"auto, (max-width: 2250px) 100vw, 2250px\" \/><p id=\"caption-attachment-1605\" class=\"wp-caption-text\">Premoult distribution of Fjordland Penguins. STF = Subtropical Front, SAF = Subantarctic Front<\/p><\/div>\n<ul>\n<li style=\"list-style-type: none;\">\n<ul>\n<li><span class=\"self-citation-authors\">(1) Mattern, T., K. P\u00fctz, P. Garcia-Borboroglu, U. Ellenberg, D.M. Houston, R. Long, B. L\u00fcthi &amp; P.J. Seddon<\/span> (<span class=\"self-citation-year\">2018<\/span>) <span class=\"self-citation-title\">Marathon penguins \u2013 reasons and consequences of long-range dispersal in Fiordland penguins \/ Tawaki during the pre-moult period<\/span>. PLoS ONE 13(8): e0198688<\/li>\n<li>(2) Mattern, T.M, K. P\u00fctz, P. Garcia-Borboroglu, U. Ellenberg, D. Houston, B. L\u00fcthi &amp; P.J. Seddon (2025) A Jack of All Trades &#8211; Tawaki\/Fiordland penguins are able to utilize diverse marine habitats during winter migration. PeerJ 13: e19695<\/li>\n<li>(3) Green, C.-P., N. Ratcliffe, T. Mattern, D. Thompson, M.-A. Lea, S. Wotherspoon, P. Garcia Borboroglu, U. Ellenberg, K.W. Morrison, K. P\u00fctz, P.M. Sagar, P.J. Seddon, L.G. Torres &amp; M.A. Hindell (2022) The role of allochrony in influencing differences in foraging distribution during the non-breeding season between two congeneric crested penguin species. PLoS ONE 17(2): e0262901<\/li>\n<\/ul>\n<\/li>\n<\/ul>\n","protected":false},"excerpt":{"rendered":"<p>\u00dcber die Biologie der Dickschnabelpinguine oder &#8218;Tawaki&#8216; ist sehr wenig bekannt, sie geh\u00f6ren zu den am wenigsten erforschten Pinguinarten \u00fcberhaupt. Tawaki kommen nur im s\u00fcdlichen Bereich der Westk\u00fcste von Neuseelands S\u00fcdinsel und einigen der S\u00fcdspitze vorgelagerten Inseln vor. Sie br\u00fcten <span class=\"excerpt-dots\">&hellip;<\/span> <a class=\"more-link\" href=\"https:\/\/antarctic-research.de\/wordpress2014\/research-conservation-2-2\/scientific-projects-2\/english-dickschnabelpinguin-tawaki\/\"><span class=\"more-msg\">Weiterlesen &rarr;<\/span><\/a><\/p>\n","protected":false},"author":2,"featured_media":465,"parent":43,"menu_order":5,"comment_status":"closed","ping_status":"closed","template":"","meta":{"ngg_post_thumbnail":0,"footnotes":""},"class_list":["post-710","page","type-page","status-publish","has-post-thumbnail","hentry"],"_links":{"self":[{"href":"https:\/\/antarctic-research.de\/wordpress2014\/wp-json\/wp\/v2\/pages\/710","targetHints":{"allow":["GET"]}}],"collection":[{"href":"https:\/\/antarctic-research.de\/wordpress2014\/wp-json\/wp\/v2\/pages"}],"about":[{"href":"https:\/\/antarctic-research.de\/wordpress2014\/wp-json\/wp\/v2\/types\/page"}],"author":[{"embeddable":true,"href":"https:\/\/antarctic-research.de\/wordpress2014\/wp-json\/wp\/v2\/users\/2"}],"replies":[{"embeddable":true,"href":"https:\/\/antarctic-research.de\/wordpress2014\/wp-json\/wp\/v2\/comments?post=710"}],"version-history":[{"count":35,"href":"https:\/\/antarctic-research.de\/wordpress2014\/wp-json\/wp\/v2\/pages\/710\/revisions"}],"predecessor-version":[{"id":2351,"href":"https:\/\/antarctic-research.de\/wordpress2014\/wp-json\/wp\/v2\/pages\/710\/revisions\/2351"}],"up":[{"embeddable":true,"href":"https:\/\/antarctic-research.de\/wordpress2014\/wp-json\/wp\/v2\/pages\/43"}],"wp:featuredmedia":[{"embeddable":true,"href":"https:\/\/antarctic-research.de\/wordpress2014\/wp-json\/wp\/v2\/media\/465"}],"wp:attachment":[{"href":"https:\/\/antarctic-research.de\/wordpress2014\/wp-json\/wp\/v2\/media?parent=710"}],"curies":[{"name":"wp","href":"https:\/\/api.w.org\/{rel}","templated":true}]}}