{"id":680,"date":"2017-02-14T16:24:30","date_gmt":"2017-02-14T15:24:30","guid":{"rendered":"http:\/\/antarctic-research.de\/?page_id=680"},"modified":"2025-08-07T14:44:54","modified_gmt":"2025-08-07T12:44:54","slug":"english-advisory-board-2","status":"publish","type":"page","link":"https:\/\/antarctic-research.de\/wordpress2014\/ueber-uns\/english-advisory-board-2\/","title":{"rendered":"Stiftungs-Beirat"},"content":{"rendered":"<ul>\n<li style=\"list-style-type: none;\">\n<ul>\n<li>Dr. Martin Bauert, Zoologischer Garten Z\u00fcrich (CH)<\/li>\n<li>Ruedi Bless, VR Globetrotter Tours AG, Bern (CH)<\/li>\n<li>Thomas Bucheli, Meteorologe, Z\u00fcrich (CH)<\/li>\n<li>Dr. Severin Dre\u00dfen, Direktor Zoo Z\u00fcrich (CH)<\/li>\n<li>Christina &amp; Paul Falke, Schmallenberg (GER)<\/li>\n<li>Erich Gysling, Redakteur, Z\u00fcrich (CH)<\/li>\n<li>Prof. Dr. Ewald Isenb\u00fcgel, Greifensee (CH)<\/li>\n<li>Prof. Claude Nicollier, ESA Astronaut (CH)<\/li>\n<li>Ken Passfield, Stanley, Falklandinseln (FI)<\/li>\n<li>Hans Steiger, Lutry (CH)<\/li>\n<li>Wolfgang Werl\u00e9, Pr\u00e4s. VR Grand Resort Bad Ragaz, Zumikon (CH)<\/li>\n<\/ul>\n<\/li>\n<\/ul>\n","protected":false},"excerpt":{"rendered":"<p>Dr. Martin Bauert, Zoologischer Garten Z\u00fcrich (CH) Ruedi Bless, VR Globetrotter Tours AG, Bern (CH) Thomas Bucheli, Meteorologe, Z\u00fcrich (CH) Dr. Severin Dre\u00dfen, Direktor Zoo Z\u00fcrich (CH) Christina &amp; Paul Falke, Schmallenberg (GER) Erich Gysling, Redakteur, Z\u00fcrich (CH) Prof. Dr. <span class=\"excerpt-dots\">&hellip;<\/span> <a class=\"more-link\" href=\"https:\/\/antarctic-research.de\/wordpress2014\/ueber-uns\/english-advisory-board-2\/\"><span class=\"more-msg\">Weiterlesen &rarr;<\/span><\/a><\/p>\n","protected":false},"author":2,"featured_media":0,"parent":192,"menu_order":1,"comment_status":"closed","ping_status":"closed","template":"","meta":{"ngg_post_thumbnail":0,"footnotes":""},"class_list":["post-680","page","type-page","status-publish","hentry"],"_links":{"self":[{"href":"https:\/\/antarctic-research.de\/wordpress2014\/wp-json\/wp\/v2\/pages\/680","targetHints":{"allow":["GET"]}}],"collection":[{"href":"https:\/\/antarctic-research.de\/wordpress2014\/wp-json\/wp\/v2\/pages"}],"about":[{"href":"https:\/\/antarctic-research.de\/wordpress2014\/wp-json\/wp\/v2\/types\/page"}],"author":[{"embeddable":true,"href":"https:\/\/antarctic-research.de\/wordpress2014\/wp-json\/wp\/v2\/users\/2"}],"replies":[{"embeddable":true,"href":"https:\/\/antarctic-research.de\/wordpress2014\/wp-json\/wp\/v2\/comments?post=680"}],"version-history":[{"count":24,"href":"https:\/\/antarctic-research.de\/wordpress2014\/wp-json\/wp\/v2\/pages\/680\/revisions"}],"predecessor-version":[{"id":2359,"href":"https:\/\/antarctic-research.de\/wordpress2014\/wp-json\/wp\/v2\/pages\/680\/revisions\/2359"}],"up":[{"embeddable":true,"href":"https:\/\/antarctic-research.de\/wordpress2014\/wp-json\/wp\/v2\/pages\/192"}],"wp:attachment":[{"href":"https:\/\/antarctic-research.de\/wordpress2014\/wp-json\/wp\/v2\/media?parent=680"}],"curies":[{"name":"wp","href":"https:\/\/api.w.org\/{rel}","templated":true}]}}