{"id":55,"date":"2014-08-09T18:11:50","date_gmt":"2014-08-09T18:11:50","guid":{"rendered":"http:\/\/antarctic-research.de\/wordpress2014\/?page_id=55"},"modified":"2025-08-07T11:56:27","modified_gmt":"2025-08-07T09:56:27","slug":"king-penguins-2","status":"publish","type":"page","link":"https:\/\/antarctic-research.de\/wordpress2014\/research-conservation-2-2\/scientific-projects-2\/king-penguins-2\/","title":{"rendered":"K\u00f6nigspinguine"},"content":{"rendered":"<p>K\u00f6nigspinguine br\u00fcten auf mehreren Inselgruppen rund um die Antarktis (1). Die atlantische Population ist sehr ungleich auf den Inselgruppen S\u00fcdgeorgiens und der Falklands verteilt: W\u00e4hrend auf S\u00fcdgeorgien \u00fcber 400,000 Brutpaare leben, hat sich auf den Falklandinseln erst Ende der 1960er Jahre eine kleine Brutkolonie etabliert, die derzeit etwa 500 Jungtiere j\u00e4hrlich produziert (2).<\/p>\n<div id=\"attachment_1152\" style=\"width: 285px\" class=\"wp-caption alignleft\"><img loading=\"lazy\" decoding=\"async\" aria-describedby=\"caption-attachment-1152\" class=\" wp-image-1152\" src=\"https:\/\/antarctic-research.de\/wordpress2014\/wp-content\/uploads\/2019\/07\/King-dispersal-spring-summer.jpg\" alt=\"\" width=\"275\" height=\"256\" srcset=\"https:\/\/antarctic-research.de\/wordpress2014\/wp-content\/uploads\/2019\/07\/King-dispersal-spring-summer.jpg 1105w, https:\/\/antarctic-research.de\/wordpress2014\/wp-content\/uploads\/2019\/07\/King-dispersal-spring-summer-300x278.jpg 300w, https:\/\/antarctic-research.de\/wordpress2014\/wp-content\/uploads\/2019\/07\/King-dispersal-spring-summer-768x712.jpg 768w, https:\/\/antarctic-research.de\/wordpress2014\/wp-content\/uploads\/2019\/07\/King-dispersal-spring-summer-1024x949.jpg 1024w\" sizes=\"auto, (max-width: 275px) 100vw, 275px\" \/><p id=\"caption-attachment-1152\" class=\"wp-caption-text\">Nahrungsgebiete von K\u00f6nigspinguinen der Falklands im Fr\u00fchling und Sommer<\/p><\/div>\n<div id=\"attachment_1151\" style=\"width: 299px\" class=\"wp-caption alignright\"><img loading=\"lazy\" decoding=\"async\" aria-describedby=\"caption-attachment-1151\" class=\" wp-image-1151\" src=\"https:\/\/antarctic-research.de\/wordpress2014\/wp-content\/uploads\/2019\/07\/King-dispersal-autumn-winter.jpg\" alt=\"\" width=\"289\" height=\"269\" srcset=\"https:\/\/antarctic-research.de\/wordpress2014\/wp-content\/uploads\/2019\/07\/King-dispersal-autumn-winter.jpg 1105w, https:\/\/antarctic-research.de\/wordpress2014\/wp-content\/uploads\/2019\/07\/King-dispersal-autumn-winter-300x278.jpg 300w, https:\/\/antarctic-research.de\/wordpress2014\/wp-content\/uploads\/2019\/07\/King-dispersal-autumn-winter-768x712.jpg 768w, https:\/\/antarctic-research.de\/wordpress2014\/wp-content\/uploads\/2019\/07\/King-dispersal-autumn-winter-1024x949.jpg 1024w\" sizes=\"auto, (max-width: 289px) 100vw, 289px\" \/><p id=\"caption-attachment-1151\" class=\"wp-caption-text\">Nahrungsgebiete von K\u00f6nigspinguinen der Falklands im Herbst und Winter<\/p><\/div>\n<p style=\"text-align: justify;\">Untersuchungen zur Brutbiologie haben ergeben, dass sich die K\u00f6nigspinguine von den Falklandinseln im Vergleich zu ihren Artgenossen auf anderen Brutinseln durch eine k\u00fcrzere Brutperiode auszeichnen (3). Weitere Unterschiede bestehen im Hinblick auf ihre bevorzugten Nahrungsgebiete (4) und das Nahrunsspektrum im Jahresverlauf (5, 6). Auch ihr Tauchverhalten konnte detailliert beschrieben werden, u.a. wurde erstmalig ein synchronisiertes Tauchverhalten beobachtet (7). Hingegen zeigten jugendliche K\u00f6nigspinguine von den Falklands und S\u00fcdgeorgien keine so deutlichen Unterschiede im Verhalten (8). Die in Bezug auf selbstst\u00e4ndigen Nahrungserwerb naiven Tiere hielten sich, unabh\u00e4ngig von ihrer Herkunft, haupts\u00e4chlich im Bereich der Antarktischen Konvergenz auf und wanderten im Laufe der Zeit vom Atlantik entweder in den Indischen oder den Pazifischen Ozean.<\/p>\n<div id=\"attachment_1155\" style=\"width: 883px\" class=\"wp-caption aligncenter\"><img loading=\"lazy\" decoding=\"async\" aria-describedby=\"caption-attachment-1155\" class=\" wp-image-1155\" src=\"https:\/\/antarctic-research.de\/wordpress2014\/wp-content\/uploads\/2019\/07\/PlosOne-Figure-1_King-dispersal.jpg\" alt=\"\" width=\"873\" height=\"575\"><p id=\"caption-attachment-1155\" class=\"wp-caption-text\">Verteilung juveniler K\u00f6nigspinguine von den Falklands und S\u00fcdgeorgien<\/p><\/div>\n<p style=\"text-align: justify;\">Vergleichende ern\u00e4hrungs\u00f6kologische Untersuchungen wurden in einer kleinen K\u00f6nigspinguinkolonie in der Magellanstra\u00dfe, Chile, durchgef\u00fchrt. Diese Kolonie hat sich erst in den letzten 10 Jahren etabliert, das erste K\u00fcken wurde 2015 fl\u00fcgge. Der Lebensraum dieser Tiere, an Land und im Meer, unterscheidet sich deutlich von dem ihrer Artgenossen in anderen Brutgebieten. Daher sind die Ergebnisse zum Tauchverhalten (9) und zu den Nahrungsgebieten (10) insbesondere vor dem Hintergrund der globalen Klimaerw\u00e4rmung von gro\u00dfem Interesse.<\/p>\n<ul style=\"color: #333333;\">\n<li>(1) Bost, C.A., K. Delord, C. Barbraud, Y. Cherel,&nbsp;K. P\u00fctz, C. Cott\u00e9, C. P\u00e9ron &amp; H. Weimerskirch (2013) King Penguin. Pp 7-21 in: Garc\u00eda Borboroglu, P.G. &amp; P.D. Boersma (eds.) Penguins \u2013 Natural History and Conservation. University of Washington Press, Seattle U.S.A. ISBN 978-0-295-99284-6<\/li>\n<li>(2) Pistorius, P., A. Baylis, S. Crofts &amp;&nbsp;K. P\u00fctz&nbsp;(2012) Population development and historical occurrence of King Penguins at the Falkland Islands. Antarctic Science 24(5): 435-440<\/li>\n<li>(3) Otley, H., A. Clausen, D. Christie, N. Huin &amp;&nbsp;K. P\u00fctz&nbsp;(2007) Breeding patterns of King Penguins from the Falkland Islands. First results. The Emu 107: 156-164<\/li>\n<li>(4)&nbsp;P\u00fctz, K.&nbsp;(2002) Spatial and temporal variability in the foraging areas of breeding King Penguins. The Condor 104: 528-538<\/li>\n<li>(5) Piatkowski, U.,&nbsp;K. P\u00fctz&nbsp;&amp; H. Heinemann (2001) Cephalopod prey of king penguins (<em>Aptenodytes patagonicus<\/em>) breeding at Volunteer Beach, Falkland Islands, during austral winter 1996. Fisheries Research 52: 79-90<\/li>\n<li>(6) Cherel, Y.,&nbsp;K. P\u00fctz&nbsp;&amp; K. Hobson (2002) Summer diet of king penguins (<em>Aptenodytes patagonicus<\/em>) at the Falkland Islands, southern Atlantic Ocean. Polar Biology 25: 898-906<\/li>\n<li>(7)&nbsp;P\u00fctz, K.&nbsp;&amp; Y Cherel (2005) The diving behaviour of brooding King Penguins (<em>Aptenodytes patagonicus<\/em>) from the Falkland Islands: Variation in dive profiles and synchronous underwater swimming provide new insights into their foraging strategies. Marine Biology 147: 281-290<\/li>\n<li>(8)&nbsp;P\u00fctz, K., P.N. Trathan, J. Pedrana, M.A. Collins, S. Poncet &amp; B. L\u00fcthi (2014) Post-fledging dispersal of King Penguins (<em>Aptenodytes patagonicus<\/em>) from two breeding sites in the South Atlantic Ocean. PLoS ONE 9(5): e97164. doi:10.1371\/journal.pone.0097164<\/li>\n<li>(9) Gherardi-Fuentes, C., K. P\u00fctz, C. Anguita &amp; A. Simeone (2019) Comparative diving behaviour of coexisting breeding and non-breeding King Penguins (<em>Aptenodytes patagonicus<\/em>) from a new colony in Tierra del Fuego, Chile. EMU 119: 61-70<\/li>\n<li>(10) P\u00fctz, K., C. Gherardi-Fuentes, P. Garc\u00eda-Borboroglu, C. Godoy, M Flagg, J. Pedrana, J.A. Vianna, A. Simeone &amp; B. L\u00fcthi (2021) Exceptional foraging plasticity in King Penguins (<em>Aptenodytes patagonicus<\/em>) from a recently established breeding site in Tierra del Fuego, Chile. Global Ecology and Conservation 28: e01669<\/li>\n<\/ul>\n","protected":false},"excerpt":{"rendered":"<p>K\u00f6nigspinguine br\u00fcten auf mehreren Inselgruppen rund um die Antarktis (1). Die atlantische Population ist sehr ungleich auf den Inselgruppen S\u00fcdgeorgiens und der Falklands verteilt: W\u00e4hrend auf S\u00fcdgeorgien \u00fcber 400,000 Brutpaare leben, hat sich auf den Falklandinseln erst Ende der 1960er <span class=\"excerpt-dots\">&hellip;<\/span> <a class=\"more-link\" href=\"https:\/\/antarctic-research.de\/wordpress2014\/research-conservation-2-2\/scientific-projects-2\/king-penguins-2\/\"><span class=\"more-msg\">Weiterlesen &rarr;<\/span><\/a><\/p>\n","protected":false},"author":2,"featured_media":462,"parent":43,"menu_order":0,"comment_status":"closed","ping_status":"open","template":"","meta":{"ngg_post_thumbnail":0,"footnotes":""},"class_list":["post-55","page","type-page","status-publish","has-post-thumbnail","hentry"],"_links":{"self":[{"href":"https:\/\/antarctic-research.de\/wordpress2014\/wp-json\/wp\/v2\/pages\/55","targetHints":{"allow":["GET"]}}],"collection":[{"href":"https:\/\/antarctic-research.de\/wordpress2014\/wp-json\/wp\/v2\/pages"}],"about":[{"href":"https:\/\/antarctic-research.de\/wordpress2014\/wp-json\/wp\/v2\/types\/page"}],"author":[{"embeddable":true,"href":"https:\/\/antarctic-research.de\/wordpress2014\/wp-json\/wp\/v2\/users\/2"}],"replies":[{"embeddable":true,"href":"https:\/\/antarctic-research.de\/wordpress2014\/wp-json\/wp\/v2\/comments?post=55"}],"version-history":[{"count":50,"href":"https:\/\/antarctic-research.de\/wordpress2014\/wp-json\/wp\/v2\/pages\/55\/revisions"}],"predecessor-version":[{"id":2338,"href":"https:\/\/antarctic-research.de\/wordpress2014\/wp-json\/wp\/v2\/pages\/55\/revisions\/2338"}],"up":[{"embeddable":true,"href":"https:\/\/antarctic-research.de\/wordpress2014\/wp-json\/wp\/v2\/pages\/43"}],"wp:featuredmedia":[{"embeddable":true,"href":"https:\/\/antarctic-research.de\/wordpress2014\/wp-json\/wp\/v2\/media\/462"}],"wp:attachment":[{"href":"https:\/\/antarctic-research.de\/wordpress2014\/wp-json\/wp\/v2\/media?parent=55"}],"curies":[{"name":"wp","href":"https:\/\/api.w.org\/{rel}","templated":true}]}}