{"id":50,"date":"2014-08-09T18:08:06","date_gmt":"2014-08-09T18:08:06","guid":{"rendered":"http:\/\/antarctic-research.de\/wordpress2014\/?page_id=50"},"modified":"2023-06-30T12:26:07","modified_gmt":"2023-06-30T10:26:07","slug":"albatrosses","status":"publish","type":"page","link":"https:\/\/antarctic-research.de\/wordpress2014\/research-conservation-2-2\/scientific-projects-2\/albatrosses\/","title":{"rendered":"Albatrosse"},"content":{"rendered":"<p style=\"color: #333333;\"><strong>Wanderverhalten von juvenilen Albatrossen in S\u00fcdgeorgien<\/strong><\/p>\n<p style=\"text-align: justify;\"><a href=\"https:\/\/antarctic-research.de\/wordpress2014\/wp-content\/uploads\/2014\/08\/WA-couple-courtship.jpg\"><img loading=\"lazy\" decoding=\"async\" class=\"aligncenter wp-image-481 size-large\" src=\"https:\/\/antarctic-research.de\/wordpress2014\/wp-content\/uploads\/2014\/08\/WA-couple-courtship-1024x769.jpg\" width=\"1024\" height=\"769\" srcset=\"https:\/\/antarctic-research.de\/wordpress2014\/wp-content\/uploads\/2014\/08\/WA-couple-courtship-1024x769.jpg 1024w, https:\/\/antarctic-research.de\/wordpress2014\/wp-content\/uploads\/2014\/08\/WA-couple-courtship-300x225.jpg 300w, https:\/\/antarctic-research.de\/wordpress2014\/wp-content\/uploads\/2014\/08\/WA-couple-courtship-768x576.jpg 768w, https:\/\/antarctic-research.de\/wordpress2014\/wp-content\/uploads\/2014\/08\/WA-couple-courtship.jpg 2000w\" sizes=\"auto, (max-width: 1024px) 100vw, 1024px\" \/><\/a>Die dramatischen Bestandsr\u00fcckg\u00e4nge bei vielen Albatrosarten sind haupts\u00e4chlich auf eine erh\u00f6hte Mortalit\u00e4t in Zusammenhang mit der kommerziellen Fischerei zur\u00fcckzuf\u00fchren. Dabei ist aber noch nicht genau gekl\u00e4rt, welche Fischereiart f\u00fcr die hohen Verluste verantwortlich ist, wie hoch die Mortalit\u00e4t ist oder welche Altersgruppen besonders betroffen sind. So nahmen die Best\u00e4nde der Wanderalbatrosse auf S\u00fcdgeorgien in den letzten zwei Jahrzehnten j\u00e4hrlich um 1,8% ab. Vergleichbare Verluste sind auch von anderen Brutinseln bekannt. Langj\u00e4hrige Untersuchungen auf Bird Island, S\u00fcdgeorgien, haben gezeigt, dass sich seit den 1990er Jahren die \u00dcberlebensrate von erwachsenen Albatrossen um 1-2%, die der Jungtiere aber um etwa 50% reduziert hat. Ferner wurde herausgefunden, dass erwachsene Albatrosse eine weitr\u00e4umige Verteilung haben und insbesondere au\u00dferhalb der Brutsaison bis weit in den Indischen und Pazifischen Ozean vordringen. \u00dcber die Verteilung der Jungtiere ist hingegen nichts bekannt. Unsere Untersuchungen werden in Kooperation mit Dr. Richard Phillips vom British Antarctic Survey durchgef\u00fchrt und sollen dazu beitragen, diese Wissensl\u00fccke zu f\u00fcllen. Daher wurden in der Brutsaison 2009\/10 auf Bird Island je 12 Satellitensender auf juvenilen Wanderalbatrossen und Schwarzbrauenalbatrossen befestigt, um die Wanderungen dieser g\u00e4nzlich unerfahrenen Tiere zu verfolgen.<\/p>\n<ul style=\"color: #333333;\">\n<li><span style=\"font-weight: bold;\">P\u00fctz, K.<\/span>&nbsp;&amp;&nbsp;<span style=\"font-weight: bold;\">S. Poncet<\/span>&nbsp;(2009) Interactions between seabirds and longline fisheries. In: Hempel, G. &amp; I. Hempel (eds) Biological studies in Polar Oceans \u2013 exploration of life in icy waters. Wirtschaftsverlag N.W. GmbH, Bremerhaven, pp 181-184, ISBN 978-3-86509-865-8<\/li>\n<\/ul>\n","protected":false},"excerpt":{"rendered":"<p>Wanderverhalten von juvenilen Albatrossen in S\u00fcdgeorgien Die dramatischen Bestandsr\u00fcckg\u00e4nge bei vielen Albatrosarten sind haupts\u00e4chlich auf eine erh\u00f6hte Mortalit\u00e4t in Zusammenhang mit der kommerziellen Fischerei zur\u00fcckzuf\u00fchren. Dabei ist aber noch nicht genau gekl\u00e4rt, welche Fischereiart f\u00fcr die hohen Verluste verantwortlich ist, <span class=\"excerpt-dots\">&hellip;<\/span> <a class=\"more-link\" href=\"https:\/\/antarctic-research.de\/wordpress2014\/research-conservation-2-2\/scientific-projects-2\/albatrosses\/\"><span class=\"more-msg\">Weiterlesen &rarr;<\/span><\/a><\/p>\n","protected":false},"author":1,"featured_media":458,"parent":43,"menu_order":6,"comment_status":"closed","ping_status":"open","template":"","meta":{"ngg_post_thumbnail":0,"footnotes":""},"class_list":["post-50","page","type-page","status-publish","has-post-thumbnail","hentry"],"_links":{"self":[{"href":"https:\/\/antarctic-research.de\/wordpress2014\/wp-json\/wp\/v2\/pages\/50","targetHints":{"allow":["GET"]}}],"collection":[{"href":"https:\/\/antarctic-research.de\/wordpress2014\/wp-json\/wp\/v2\/pages"}],"about":[{"href":"https:\/\/antarctic-research.de\/wordpress2014\/wp-json\/wp\/v2\/types\/page"}],"author":[{"embeddable":true,"href":"https:\/\/antarctic-research.de\/wordpress2014\/wp-json\/wp\/v2\/users\/1"}],"replies":[{"embeddable":true,"href":"https:\/\/antarctic-research.de\/wordpress2014\/wp-json\/wp\/v2\/comments?post=50"}],"version-history":[{"count":10,"href":"https:\/\/antarctic-research.de\/wordpress2014\/wp-json\/wp\/v2\/pages\/50\/revisions"}],"predecessor-version":[{"id":1924,"href":"https:\/\/antarctic-research.de\/wordpress2014\/wp-json\/wp\/v2\/pages\/50\/revisions\/1924"}],"up":[{"embeddable":true,"href":"https:\/\/antarctic-research.de\/wordpress2014\/wp-json\/wp\/v2\/pages\/43"}],"wp:featuredmedia":[{"embeddable":true,"href":"https:\/\/antarctic-research.de\/wordpress2014\/wp-json\/wp\/v2\/media\/458"}],"wp:attachment":[{"href":"https:\/\/antarctic-research.de\/wordpress2014\/wp-json\/wp\/v2\/media?parent=50"}],"curies":[{"name":"wp","href":"https:\/\/api.w.org\/{rel}","templated":true}]}}