{"id":43,"date":"2014-08-09T15:10:36","date_gmt":"2014-08-09T15:10:36","guid":{"rendered":"http:\/\/antarctic-research.de\/wordpress2014\/?page_id=43"},"modified":"2025-08-07T12:59:11","modified_gmt":"2025-08-07T10:59:11","slug":"scientific-projects-2","status":"publish","type":"page","link":"https:\/\/antarctic-research.de\/wordpress2014\/research-conservation-2-2\/scientific-projects-2\/","title":{"rendered":"Wissenschaftliche Projekte"},"content":{"rendered":"<p>Im S\u00fcdwest-Atlantik, der an der s\u00fcdamerikanischen Ostk\u00fcste von der Halbinsel Vald\u00e9s auf etwa 40\u00b0S bis hinunter nach Kap Horn reicht und auch die Falklandinseln umfasst, kommen insgesamt f\u00fcnf verschiedene Pinguinarten vor: <a href=\"https:\/\/antarctic-research.de\/?page_id=55\" target=\"_blank\" rel=\"noopener noreferrer\">K\u00f6nigspinguin<\/a>, <a href=\"https:\/\/antarctic-research.de\/?page_id=78\" target=\"_blank\" rel=\"noopener noreferrer\">Magellanpinguin<\/a>, <a href=\"https:\/\/antarctic-research.de\/?page_id=95\" target=\"_blank\" rel=\"noopener noreferrer\">Eselspinguin<\/a>, <a href=\"https:\/\/antarctic-research.de\/?page_id=67\" target=\"_blank\" rel=\"noopener noreferrer\">Felsenpinguin<\/a> und Goldschopfpinguin. Im Rahmen unserer wissenschaftlichen Forschung haben wir uns, mit Ausnahme des Goldschopfpinguins, ausgiebig mit der Biologie und \u00d6kologie dieser Arten besch\u00e4ftigt. Vergleichende Untersuchungen haben wir an&nbsp;<a href=\"https:\/\/antarctic-research.de\/?page_id=87\" target=\"_blank\" rel=\"noopener noreferrer\">Humboldtpinguinen<\/a>&nbsp;im Ost-Pazifik, an <a href=\"https:\/\/antarctic-research.de\/wordpress2014\/?page_id=710\" target=\"_blank\" rel=\"noopener noreferrer\">Dickschnabelpinguinen<\/a> und an Kronenpinguinen in Neuseeland durchgef\u00fchrt. Zahlreiche Studien wurden aber auch an <a href=\"https:\/\/antarctic-research.de\/?page_id=50\" target=\"_blank\" rel=\"noopener noreferrer\">Albatrossen<\/a> in S\u00fcdgeorgien und Sturmv\u00f6geln, Greifv\u00f6geln und G\u00e4nsen im S\u00fcdwest-Atlantik sowie Kormoranen in Neuseeland durchgef\u00fchrt. Zu allgemeinen Informationen \u00fcber Pinguine verweisen wir auf die einschl\u00e4gige Literatur bzw. Webseiten (z.B.<a href=\"http:\/\/de.wikipedia.org\/wiki\/Pinguine\" target=\"_blank\" rel=\"noopener noreferrer\">Wikipedia<\/a>).<\/p>\n<p>Ver\u00f6ffentlichungen (Pinguine allgemein):<\/p>\n<ul>\n<li>Ariyama, N., R. Tapia, C. Godoy, B. Ag\u00fcero, V. Vald\u00e9s, F. Berrios, P. Garc\u00eda Borboroglu, K. P\u00fctz, G. Barriga, R. Medina &amp; V. Neira (2021) Avian orthoavulavirus 1 (Newcastle Disease virus) antibodies in five penguin species, Antarctic peninsula and Southern Patagonia.Transboundary and Emerging Diseases 68: 3096\u20133102.<\/li>\n<li>Crawford, R., U. Ellenberg, E. Frere, C. Hagen, K.. Baird, P. Brewin, S. Crofts, J. Glass, T. Mattern, J. Pompert, K. Ross, J. Kemper, K. Ludynia, R.B. Sherley, A. Steinfurth, C.G. Suazo, P. Yorio, L. Tamini, J.C. Mangel, L. Bugoni, G. Jimenez-Uzcategui, A. Simeone, G. Luna-Jorquera, P. Gandini, E.J Woehler, K. P\u00fctz, P. Dann, A. Chiaradia &amp;&nbsp; C. Small (2017) Tangled and drowned: A global review of penguin bycatch in fisheries. Endangered Species Research 34: 373-396<\/li>\n<li>Trathan, P.N., P. Garc\u00eda-Borboroglu, P.D. Boersma, C.A. Bost, R.J.M. Crawford, G.T. Crossin, R.J. Cuthbert, P. Dann, L.S. Davis, S. de la Puente, U. Ellenberg, H.J. Lynch, T. Mattern, K. P\u00fctz, P.J. Seddon, W. Trivelpiece &amp; B. Wienecke (2014) Pollution, habitat loss, fishing and climate change as critical threats to penguins. Conservation Biology 29(1): 31-41.<\/li>\n<li>Clausen, A.P. &amp;&nbsp;K. P\u00fctz&nbsp;(2002) Recent trends in diet composition and productivity of Gentoo, Magellanic and Rockhopper Penguins in the Falkland Islands. Aquatic Conservation 12: 51-61<\/li>\n<li>P\u00fctz, K., R.J. Ingham, J.G. Smith &amp; J.P. Croxall (2001) Population trends, breeding success and diet composition of gentoo&nbsp;<em>Pygoscelis papua<\/em>, magellanic&nbsp;<em>Spheniscus magellanicus<\/em>&nbsp;and rockhopper&nbsp;<em>Eudyptes chrysocome<\/em>&nbsp;penguins in the Falkland Islands. Polar Biology 24: 793-807<\/li>\n<\/ul>\n","protected":false},"excerpt":{"rendered":"<p>Im S\u00fcdwest-Atlantik, der an der s\u00fcdamerikanischen Ostk\u00fcste von der Halbinsel Vald\u00e9s auf etwa 40\u00b0S bis hinunter nach Kap Horn reicht und auch die Falklandinseln umfasst, kommen insgesamt f\u00fcnf verschiedene Pinguinarten vor: K\u00f6nigspinguin, Magellanpinguin, Eselspinguin, Felsenpinguin und Goldschopfpinguin. Im Rahmen unserer <span class=\"excerpt-dots\">&hellip;<\/span> <a class=\"more-link\" href=\"https:\/\/antarctic-research.de\/wordpress2014\/research-conservation-2-2\/scientific-projects-2\/\"><span class=\"more-msg\">Weiterlesen &rarr;<\/span><\/a><\/p>\n","protected":false},"author":2,"featured_media":46,"parent":27,"menu_order":1,"comment_status":"closed","ping_status":"open","template":"","meta":{"ngg_post_thumbnail":0,"footnotes":""},"class_list":["post-43","page","type-page","status-publish","has-post-thumbnail","hentry"],"_links":{"self":[{"href":"https:\/\/antarctic-research.de\/wordpress2014\/wp-json\/wp\/v2\/pages\/43","targetHints":{"allow":["GET"]}}],"collection":[{"href":"https:\/\/antarctic-research.de\/wordpress2014\/wp-json\/wp\/v2\/pages"}],"about":[{"href":"https:\/\/antarctic-research.de\/wordpress2014\/wp-json\/wp\/v2\/types\/page"}],"author":[{"embeddable":true,"href":"https:\/\/antarctic-research.de\/wordpress2014\/wp-json\/wp\/v2\/users\/2"}],"replies":[{"embeddable":true,"href":"https:\/\/antarctic-research.de\/wordpress2014\/wp-json\/wp\/v2\/comments?post=43"}],"version-history":[{"count":52,"href":"https:\/\/antarctic-research.de\/wordpress2014\/wp-json\/wp\/v2\/pages\/43\/revisions"}],"predecessor-version":[{"id":2345,"href":"https:\/\/antarctic-research.de\/wordpress2014\/wp-json\/wp\/v2\/pages\/43\/revisions\/2345"}],"up":[{"embeddable":true,"href":"https:\/\/antarctic-research.de\/wordpress2014\/wp-json\/wp\/v2\/pages\/27"}],"wp:featuredmedia":[{"embeddable":true,"href":"https:\/\/antarctic-research.de\/wordpress2014\/wp-json\/wp\/v2\/media\/46"}],"wp:attachment":[{"href":"https:\/\/antarctic-research.de\/wordpress2014\/wp-json\/wp\/v2\/media?parent=43"}],"curies":[{"name":"wp","href":"https:\/\/api.w.org\/{rel}","templated":true}]}}