{"id":23,"date":"2014-08-09T12:25:17","date_gmt":"2014-08-09T12:25:17","guid":{"rendered":"http:\/\/antarctic-research.de\/wordpress2014\/?page_id=23"},"modified":"2025-11-08T07:54:16","modified_gmt":"2025-11-08T06:54:16","slug":"news-2","status":"publish","type":"page","link":"https:\/\/antarctic-research.de\/wordpress2014\/news-2\/","title":{"rendered":"Aktuelles"},"content":{"rendered":"<h3 style=\"text-align: center;\"><span style=\"color: #000000;\">\u00dcberblick \u00fcber unsere derzeitigen und geplanten Aktivit\u00e4ten<\/span><\/h3>\n<p>&nbsp;<\/p>\n<p><strong>Januar\/Februar 2026<\/strong><\/p>\n<ul>\n<li>Fortf\u00fchrung der Feldarbeiten auf Hummock Island, Falklandinseln: Verschiedene Projekte zu Flora und Fauna, Untersuchungen zum Vorkommen von Sturmv\u00f6geln sowie zur Ern\u00e4hrungs\u00f6kologie von Kormoranen und verschiedenen Greifvogelarten.<\/li>\n<\/ul>\n<p><strong>&nbsp;<\/strong><\/p>\n<p><strong>Dezember 2025 &#8211; Februar 2026<\/strong><\/p>\n<ul>\n<li>Fortf\u00fchrung unsere Untersuchungen zur \u00d6kologie von Kronen- und Felsenpinguinen auf den Bounty- und Antipoden-Inseln, Neuseeland, in Kooperation mit Dr. Thomas Mattern (<a href=\"http:\/\/www.tawaki-project.org\/\">Tawaki Project<\/a>) und Dr. Pablo Garcia-Borboroglu (<a href=\"http:\/\/www.globalpenguinsociety.org\/\">Global Penguin Society<\/a>).<\/li>\n<\/ul>\n<p><strong>&nbsp;<\/strong><\/p>\n<p><strong>November 2025<\/strong><\/p>\n<ul>\n<li>Fortf\u00fchrung einer <a href=\"https:\/\/www.bas.ac.uk\/project\/snow-hill-emperor-penguin-expedition\/\">Studie<\/a> zur Erforschung der Nahrungsgebiete von Kaiserpinguinen von Snow Hill Island, Weddellmeer, in der Vormauser mithilfe von Satellitensendern, in Kooperation mit dem British Antarctic Survey.<\/li>\n<\/ul>\n<p><strong>&nbsp;<\/strong><\/p>\n<p><strong>Oktober 2025<\/strong><\/p>\n<ul>\n<li>Feldarbeit auf Hummock Island mit verschiedenen Projekten zu Flora und Fauna.<\/li>\n<li>Beginn einer Studie zur Ph\u00e4nologie von K\u00f6nigspinguinen von Volunteer Beach, Falklandinseln, in Kooperation mit Dr. Robin Cristofari, Universit\u00e4t Helsinki,<\/li>\n<li>Fortf\u00fchrung der Studie in Kooperation mit Dr. Robin Cristofari, Universit\u00e4t Helsinki, zur Ph\u00e4nologie von K\u00f6nigspinguinen in der <a href=\"https:\/\/www.pinguinorey.cl\/en\/\">Reserva Natural Pinguino Rey<\/a>&nbsp;in der Magellanstra\u00dfe, Chile.<\/li>\n<\/ul>\n<p>&nbsp;<\/p>\n<p><strong>September 2025<\/strong><\/p>\n<ul>\n<li>Erscheinen des neuen <a href=\"https:\/\/antarctic-research.de\/wordpress2014\/wp-content\/uploads\/2025\/11\/ART-Newsletter_2025.pdf\">Newsletter 21-2025<\/a>.<\/li>\n<\/ul>\n<p><strong>&nbsp;<\/strong><\/p>\n<p><strong>Juli 2025<\/strong><\/p>\n<ul>\n<li>Erscheinen des neuen <a href=\"https:\/\/www.antarctic-research.de\/?page_id=351\">Bildkalenders 2026<\/a>.<\/li>\n<\/ul>\n<p><strong>&nbsp;<\/strong><\/p>\n<p><strong>Juni 2025<\/strong><\/p>\n<ul>\n<li>Einsatz von Satellitensendern auf Humboldtpinguinen in Chile zur Erforschung ihrer Nahrungsgebiete im Anschluss an die Brutsaison und vor der Mauser.<\/li>\n<\/ul>\n<p>&nbsp;<\/p>\n<p><strong>April 2025<\/strong><\/p>\n<ul>\n<li>Fortsetzung der Renaturierung von Hummock Island, Falklandinseln, durch die Anpflanzung von Tussockgras und anderer einheimischer Pflanzen.<\/li>\n<\/ul>\n<p>&nbsp;<\/p>\n<p><strong>November 2024 bis Januar 2025<\/strong><\/p>\n<ul>\n<li>Feldarbeiten auf Hummock Island, Falklandinseln: Verschiedene Projekte zu Flora und Fauna, u.a. Einsatz von Kameraloggern auf Magellanpinguinen zur <em>in-situ<\/em> Untersuchung ihres Jagdverhaltens, Untersuchungen zum Vorkommen von Dunklen Sturmtauchern in Kooperation mit Dr. Antje Steinfurth (Royal Society for the Protection of Birds, UK) sowie zur Ern\u00e4hrungs\u00f6kologie von Kormoranen und verschiedenen Greifvogelarten mit Dr. Andrea Raya Rey, (CADIC, Ushuaia).<\/li>\n<\/ul>\n<p>&nbsp;<\/p>\n<p><strong>November 2024<\/strong><\/p>\n<ul>\n<li>Beginn einer Studie in Kooperation mit Dr. Robin Cristofari, Universit\u00e4t Helsinki, zur Untersuchung der Ph\u00e4nologie von K\u00f6nigspinguinen in der <a href=\"https:\/\/www.pinguinorey.cl\/en\/\">Reserva Natural Pinguino Rey<\/a>&nbsp;in der Magellanstra\u00dfe, Chile.<\/li>\n<\/ul>\n<p>&nbsp;<\/p>\n<p><strong>Oktober\/November 2024<\/strong><\/p>\n<ul>\n<li>Fortf\u00fchrung unsere Untersuchungen zur Ern\u00e4hrungs\u00f6kologie von Kronen- und Felsenpinguinen auf den Bounty und Antipodes Inseln, Neuseeland, in Kooperation mit Dr. Thomas Mattern (<a href=\"http:\/\/www.tawaki-project.org\/\">Tawaki Project<\/a>) und Dr. Pablo Garcia-Borboroglu (<a href=\"http:\/\/www.globalpenguinsociety.org\/\">Global Penguin Society<\/a>).<\/li>\n<\/ul>\n<p><strong>&nbsp;<\/strong><\/p>\n<p><strong>Oktober 2024<\/strong><\/p>\n<ul>\n<li>Erscheinen des neuen Newsletters # 20\/2024.<\/li>\n<\/ul>\n<p><strong>&nbsp;<\/strong><\/p>\n","protected":false},"excerpt":{"rendered":"<p>\u00dcberblick \u00fcber unsere derzeitigen und geplanten Aktivit\u00e4ten &nbsp; Januar\/Februar 2026 Fortf\u00fchrung der Feldarbeiten auf Hummock Island, Falklandinseln: Verschiedene Projekte zu Flora und Fauna, Untersuchungen zum Vorkommen von Sturmv\u00f6geln sowie zur Ern\u00e4hrungs\u00f6kologie von Kormoranen und verschiedenen Greifvogelarten. &nbsp; Dezember 2025 &#8211; <span class=\"excerpt-dots\">&hellip;<\/span> <a class=\"more-link\" href=\"https:\/\/antarctic-research.de\/wordpress2014\/news-2\/\"><span class=\"more-msg\">Weiterlesen &rarr;<\/span><\/a><\/p>\n","protected":false},"author":2,"featured_media":0,"parent":0,"menu_order":3,"comment_status":"closed","ping_status":"open","template":"","meta":{"ngg_post_thumbnail":0,"footnotes":""},"class_list":["post-23","page","type-page","status-publish","hentry"],"_links":{"self":[{"href":"https:\/\/antarctic-research.de\/wordpress2014\/wp-json\/wp\/v2\/pages\/23","targetHints":{"allow":["GET"]}}],"collection":[{"href":"https:\/\/antarctic-research.de\/wordpress2014\/wp-json\/wp\/v2\/pages"}],"about":[{"href":"https:\/\/antarctic-research.de\/wordpress2014\/wp-json\/wp\/v2\/types\/page"}],"author":[{"embeddable":true,"href":"https:\/\/antarctic-research.de\/wordpress2014\/wp-json\/wp\/v2\/users\/2"}],"replies":[{"embeddable":true,"href":"https:\/\/antarctic-research.de\/wordpress2014\/wp-json\/wp\/v2\/comments?post=23"}],"version-history":[{"count":136,"href":"https:\/\/antarctic-research.de\/wordpress2014\/wp-json\/wp\/v2\/pages\/23\/revisions"}],"predecessor-version":[{"id":2377,"href":"https:\/\/antarctic-research.de\/wordpress2014\/wp-json\/wp\/v2\/pages\/23\/revisions\/2377"}],"wp:attachment":[{"href":"https:\/\/antarctic-research.de\/wordpress2014\/wp-json\/wp\/v2\/media?parent=23"}],"curies":[{"name":"wp","href":"https:\/\/api.w.org\/{rel}","templated":true}]}}