{"id":2027,"date":"2023-06-30T13:50:02","date_gmt":"2023-06-30T11:50:02","guid":{"rendered":"https:\/\/www.antarctic-research.de\/?page_id=2027"},"modified":"2025-08-07T14:45:18","modified_gmt":"2025-08-07T12:45:18","slug":"english-advisory-board","status":"publish","type":"page","link":"https:\/\/antarctic-research.de\/wordpress2014\/en\/ueber-uns-2\/english-advisory-board\/","title":{"rendered":"Advisory Board"},"content":{"rendered":"<ul>\n<li>Dr. Martin Bauert, Zoological Garden Z\u00fcrich (CH)<\/li>\n<li>Ruedi Bless, VR Globetrotter Tours AG, Bern (CH)<\/li>\n<li>Thomas Bucheli, Meteorologist, Z\u00fcrich (CH)<\/li>\n<li>Dr. Severin Dre\u00dfen, Director Zoo Z\u00fcrich (CH)<\/li>\n<li>Christina &amp; Paul Falke, Schmallenberg (GER)<\/li>\n<li>Erich Gysling, Editorial Journalist, Z\u00fcrich (CH)<\/li>\n<li>Prof. Dr. Ewald Isenb\u00fcgel, Greifensee (CH)<\/li>\n<li>Prof. Claude Nicollier, ESA Astronaut (CH)<\/li>\n<li>Ken Passfield, Stanley, Falkland Islands (FI)<\/li>\n<li>Hans Steiger, Lutry (CH)<\/li>\n<li>Wolfgang Werl\u00e9, President VR Grand Resort Bad Ragaz, Zumikon (CH)<\/li>\n<\/ul>\n","protected":false},"excerpt":{"rendered":"<p>Dr. Martin Bauert, Zoological Garden Z\u00fcrich (CH) Ruedi Bless, VR Globetrotter Tours AG, Bern (CH) Thomas Bucheli, Meteorologist, Z\u00fcrich (CH) Dr. Severin Dre\u00dfen, Director Zoo Z\u00fcrich (CH) Christina &amp; Paul Falke, Schmallenberg (GER) Erich Gysling, Editorial Journalist, Z\u00fcrich (CH) Prof. <span class=\"excerpt-dots\">&hellip;<\/span> <a class=\"more-link\" href=\"https:\/\/antarctic-research.de\/wordpress2014\/en\/ueber-uns-2\/english-advisory-board\/\"><span class=\"more-msg\">Weiterlesen &rarr;<\/span><\/a><\/p>\n","protected":false},"author":2,"featured_media":0,"parent":2011,"menu_order":1,"comment_status":"closed","ping_status":"closed","template":"","meta":{"ngg_post_thumbnail":0,"footnotes":""},"class_list":["post-2027","page","type-page","status-publish","hentry"],"_links":{"self":[{"href":"https:\/\/antarctic-research.de\/wordpress2014\/wp-json\/wp\/v2\/pages\/2027","targetHints":{"allow":["GET"]}}],"collection":[{"href":"https:\/\/antarctic-research.de\/wordpress2014\/wp-json\/wp\/v2\/pages"}],"about":[{"href":"https:\/\/antarctic-research.de\/wordpress2014\/wp-json\/wp\/v2\/types\/page"}],"author":[{"embeddable":true,"href":"https:\/\/antarctic-research.de\/wordpress2014\/wp-json\/wp\/v2\/users\/2"}],"replies":[{"embeddable":true,"href":"https:\/\/antarctic-research.de\/wordpress2014\/wp-json\/wp\/v2\/comments?post=2027"}],"version-history":[{"count":3,"href":"https:\/\/antarctic-research.de\/wordpress2014\/wp-json\/wp\/v2\/pages\/2027\/revisions"}],"predecessor-version":[{"id":2360,"href":"https:\/\/antarctic-research.de\/wordpress2014\/wp-json\/wp\/v2\/pages\/2027\/revisions\/2360"}],"up":[{"embeddable":true,"href":"https:\/\/antarctic-research.de\/wordpress2014\/wp-json\/wp\/v2\/pages\/2011"}],"wp:attachment":[{"href":"https:\/\/antarctic-research.de\/wordpress2014\/wp-json\/wp\/v2\/media?parent=2027"}],"curies":[{"name":"wp","href":"https:\/\/api.w.org\/{rel}","templated":true}]}}