{"id":2011,"date":"2023-06-30T13:38:56","date_gmt":"2023-06-30T11:38:56","guid":{"rendered":"https:\/\/www.antarctic-research.de\/?page_id=2011"},"modified":"2026-03-24T11:28:55","modified_gmt":"2026-03-24T10:28:55","slug":"ueber-uns-2","status":"publish","type":"page","link":"https:\/\/antarctic-research.de\/wordpress2014\/en\/ueber-uns-2\/","title":{"rendered":"About us"},"content":{"rendered":"<p style=\"color: #333333;\"><strong>Postal address<\/strong>:<\/p>\n<p style=\"color: #333333;\">Antarctic Research Trust<br \/>\nGeneral Guisanstr. 5<br \/>\nCH-8127 Forch<br \/>\nSwitzerland<\/p>\n<p style=\"color: #333333;\"><strong>Offices:<\/strong><br \/>\nAntarctic Research Trust (Switzerland)<br \/>\nc\/o Zoo Z\u00fcrich<br \/>\nZ\u00fcrichbergstrasse 221<br \/>\nCH-8044 Z\u00fcrich<br \/>\nSwitzerland<\/p>\n<p style=\"color: #333333;\">Antarctic Research Trust (Falkland Islands)<br \/>\nP.O. Box 538<br \/>\nStanley FIQQ 1ZZ<br \/>\nFalkland Islands<br \/>\nSouth Atlantic<\/p>\n<p>Supporters of Antarctic Research (United States of America)<br \/>\nc\/o Andrew Holman<br \/>\n512 N 50th Street<br \/>\nMilwaukee, WI 53208<br \/>\nUSA<\/p>\n<p>Bank details USA:<br \/>\nSupporters of Antarctic Research Inc.<br \/>\nPark Bank<br \/>\n7540 W Capitol Drive<br \/>\nMilwaukee, WI 53216<br \/>\nRouting 075000666<br \/>\nAccount: 0610078666<\/p>\n<blockquote class=\"webkit-indent-blockquote\" style=\"color: #333333;\"><p><span class=\"Apple-style-span\" style=\"font-weight: bold;\">Bank details:&nbsp;<\/span><br \/>\nAntarctic Research Trust (Switzerland)<br \/>\nUBS Switzerland AG, 8070 Z\u00fcrich<br \/>\nCHF Account&nbsp; &nbsp; &nbsp; IBAN: CH06 0021 5215 3112 7701 U<br \/>\nUSD Account&nbsp; &nbsp; &nbsp;IBAN: CH50 0021 5215 3112 7760 V<br \/>\nGBP Account&nbsp; &nbsp; &nbsp;IBAN: CH28 0021 5215 3112 7762 X<br \/>\nEUR Account &nbsp; &nbsp; IBAN: CH88 0021 5215 3112 7761 N<br \/>\nBIC\/SWIFT: UBSWCHZH80A<\/p>\n<p>Antarctic Research Trust (Falkland Islands)<br \/>\nStandard Chartered Bank, Stanley Branch, Falkland Islands<br \/>\nAccount No. 010\/02\/06603\/01<\/p><\/blockquote>\n<p>&nbsp;<\/p>\n","protected":false},"excerpt":{"rendered":"<p>Postal address: Antarctic Research Trust General Guisanstr. 5 CH-8127 Forch Switzerland Offices: Antarctic Research Trust (Switzerland) c\/o Zoo Z\u00fcrich Z\u00fcrichbergstrasse 221 CH-8044 Z\u00fcrich Switzerland Antarctic Research Trust (Falkland Islands) P.O. Box 538 Stanley FIQQ 1ZZ Falkland Islands South Atlantic Supporters <span class=\"excerpt-dots\">&hellip;<\/span> <a class=\"more-link\" href=\"https:\/\/antarctic-research.de\/wordpress2014\/en\/ueber-uns-2\/\"><span class=\"more-msg\">Weiterlesen &rarr;<\/span><\/a><\/p>\n","protected":false},"author":1,"featured_media":0,"parent":0,"menu_order":6,"comment_status":"closed","ping_status":"closed","template":"","meta":{"ngg_post_thumbnail":0,"footnotes":""},"class_list":["post-2011","page","type-page","status-publish","hentry"],"_links":{"self":[{"href":"https:\/\/antarctic-research.de\/wordpress2014\/wp-json\/wp\/v2\/pages\/2011","targetHints":{"allow":["GET"]}}],"collection":[{"href":"https:\/\/antarctic-research.de\/wordpress2014\/wp-json\/wp\/v2\/pages"}],"about":[{"href":"https:\/\/antarctic-research.de\/wordpress2014\/wp-json\/wp\/v2\/types\/page"}],"author":[{"embeddable":true,"href":"https:\/\/antarctic-research.de\/wordpress2014\/wp-json\/wp\/v2\/users\/1"}],"replies":[{"embeddable":true,"href":"https:\/\/antarctic-research.de\/wordpress2014\/wp-json\/wp\/v2\/comments?post=2011"}],"version-history":[{"count":3,"href":"https:\/\/antarctic-research.de\/wordpress2014\/wp-json\/wp\/v2\/pages\/2011\/revisions"}],"predecessor-version":[{"id":2393,"href":"https:\/\/antarctic-research.de\/wordpress2014\/wp-json\/wp\/v2\/pages\/2011\/revisions\/2393"}],"wp:attachment":[{"href":"https:\/\/antarctic-research.de\/wordpress2014\/wp-json\/wp\/v2\/media?parent=2011"}],"curies":[{"name":"wp","href":"https:\/\/api.w.org\/{rel}","templated":true}]}}