{"id":1953,"date":"2023-06-30T12:52:08","date_gmt":"2023-06-30T10:52:08","guid":{"rendered":"https:\/\/www.antarctic-research.de\/?page_id=1953"},"modified":"2025-07-30T15:16:35","modified_gmt":"2025-07-30T13:16:35","slug":"externe-projekte","status":"publish","type":"page","link":"https:\/\/antarctic-research.de\/wordpress2014\/en\/research-conservation-2\/scientific-projects\/externe-projekte\/","title":{"rendered":"Supported Projects"},"content":{"rendered":"<p style=\"color: #333333;\">In addition to our own studies, the ART supports various international research programmes, with a particular focus on long-term monitoring projects. For example, we have supported:<\/p>\n<ul style=\"color: #333333;\">\n<li>Study on the seasonal movements and immigration of Striated Caracaras on Isla de los Estados, Argentina, using GPS-Satellite tags (since 2017; Ulises Balza, CONICET &#8211; CADIC).<\/li>\n<li>Invasive plants control in the Falklands (since 2015; Island LandCare, Stanley, Falkland Islands).<\/li>\n<li>Long-term monitoring of the birds of Stanley Harbour and the Cape Pembroke National Nature Reserve (since 2013; Island LandCare, Stanley, Falkland Islands).<\/li>\n<li>Offshore tussac islands baseline surveys in the Falkland Islands (since 2008; Island LandCare, Stanley, Falkland Islands)<\/li>\n<li>A monitoring programme on the ecology and biology of seabirds and marine mammals in the Beagle Channel, Argentina (since 2007; Dr. Andrea Raya Rey &amp; Dr. Sabrina Harris, CONICET \u2013 CADIC, Ushuaia, Argentina).<\/li>\n<li>Study on the post-fledging dispersal of Yellow-Eyed Penguins (2018; Melanie Young, University of Otago, Neuseeland)<\/li>\n<li>A long-term monitoring programme on Wandering Albatrosses at Albatross and Prion Islands, South Georgia (2007-2019; South Georgia Surveys, Stanley, Falkland Islands).<\/li>\n<li>Study on the <a href=\"http:\/\/inta.gob.ar\/documentos\/los-cauquenes-son-de-todos-estudio-de-la-ruta-migratoria-del-cauquen-colorado-chloephaga-rubidiceps\" target=\"_blank\" rel=\"noopener noreferrer\">migration of sheldgeese<\/a> in Patagonia, South America (2013-2018; Dr. Julieta Pedrana, CONICET \u2013 INTA, Balcarce, Argentina).<\/li>\n<li>Rat-eradication projects in the Falklands (2007-2018; Island LandCare, Stanley, Falkland Islands).<\/li>\n<li>Migration of juvenile Black-Browed and Wandering albatrosses from South Georgia (2009; Dr. Richard Phillips, Britisch Antarctic Survey, UK).<\/li>\n<li>DNA analysis of Norway Rats of the Falkland Islands (2007-2010; Island LandCare, Stanley, Falkland Islands).<\/li>\n<li>A&nbsp;<a href=\"http:\/\/smsg-falklands.org\/\" target=\"_blank\" rel=\"noopener noreferrer\">dive survey<\/a> on the distribution and composition of marine invertebrates in coastal areas of the Falklands (2007), including the production of a picture identification guide (published 2013).<\/li>\n<li>A study on the social structure of stranded pods of Long-finned Pilot Whales in the Falkland Islands (2005-06).<\/li>\n<\/ul>\n<p>&nbsp;<\/p>\n<p><img loading=\"lazy\" decoding=\"async\" class=\"size-full wp-image-102 aligncenter\" src=\"https:\/\/antarctic-research.de\/wordpress2014\/wp-content\/uploads\/2014\/08\/Seminar067.jpg\" alt=\"\" width=\"1024\" height=\"728\" srcset=\"https:\/\/antarctic-research.de\/wordpress2014\/wp-content\/uploads\/2014\/08\/Seminar067.jpg 1024w, https:\/\/antarctic-research.de\/wordpress2014\/wp-content\/uploads\/2014\/08\/Seminar067-300x213.jpg 300w\" sizes=\"auto, (max-width: 1024px) 100vw, 1024px\" \/><\/p>\n<p><strong>Selected publications from these projects:<\/strong><\/p>\n<ul>\n<li>Balza, U. R. Brasso, N.A. Lois, K. P\u00fctz &amp; A. Raya Rey (2021) The highest mercury concentrations ever reported in a South American bird, the Striated Caracara (<em>Phalcoboenus australis<\/em>). Polar Biology 44: 2189\u20132193<\/li>\n<li>Balza, U., N.A. Lois, M.J. Polito, K. P\u00fctz, A. Salom &amp; A. Raya Rey (2020) The dynamic trophic niche of a terrestrial predator and its relation to marine pulsed resources. Ecology and Evolution 10: 12264\u201312276<\/li>\n<li>Young, M.J., P.J. Seddon, K. P\u00fctz, P. Agnew, T. Mattern, R.P. Hickcox, B.C. Robertson &amp; Y. van Heezik (2022) Conservation implications for post-fledging dispersal of yellow-eyed penguins\/hoiho. Marine Ecology Progress Series 695: 173-188<\/li>\n<li>Pedrana, J, A. Goros\u00e1bel, L. Kazimierski, K. P\u00fctz, L. Bernad &amp; K. Lanari (2022) Weather conditions affect spring migration departure of Ruddy-headed Goose in the southern Pampas, Argentina. EMU 122(2): 144-149<\/li>\n<li>Pedrana, J., K. P\u00fctz, L. Bernad, S. Mu\u00f1oz, A. Goros\u00e1bel, G. Castresana, A. Leiss &amp; J.P. Seco Pon (2020) Spatial and temporal variation in the migration of Ruddy-headed Goose in southern South America using satellite tagging. Bird Conservation International 30(4): 634-648.<\/li>\n<li>Pedrana, P., P\u00fctz, L. Bernad, J.P. Seco Pon, A. Gorosabel, S.D. Mu\u00f1oz, J.P. Isacch, R. Matus, O. Blank, B. L\u00fcthi, M. Lunardelli &amp; P. Rojas (2018) Migration routes and stopover sites of Upland Geese <em>Chloephaga picta<\/em> in Southern South America. Avian Biology Research 11: 80-88<\/li>\n<li>Pedrana, J, JP Seco Pon, JP Isacch, A Leiss, PO Rojas, G Castresana, J Calvo, L Bernad, SD Mu\u00f1oz, NO Maceira &amp; K P\u00fctz (2015) First insights into the migration pattern of an upland goose based on satellite tracking. Ornitologia Neotropical 26: 245\u2013253.<\/li>\n<li>Hingston, M., Poncet, K. Passfield, M.A. Tabak, S.I. Gabriel, S.B. Piertney &amp; J.C. Russell (2016) Phylogeography of <em>Rattus norvegicus<\/em> in the South Atlantic Ocean. Diversity: 8(4): 32<\/li>\n<li>Poncet, S., A.C. Wolfaardt, A. Black, S. Browning, K. Lawton, J. Lee, K. Passfield, G. Strange &amp; R.A. Phillips (2017) Recent trends in numbers of wandering (<em>Diomedea exulans<\/em>), black-browed (<em>Thalassarche melanophris<\/em>) and grey-headed (<em> chrysostoma<\/em>) albatrosses breeding at South Georgia. Polar Biology 40: 1347-1358<\/li>\n<li>Poncet, S., K. Passfield, A. Kuepfer &amp; M.A. Tabak (2019) The effect of Norway rats on coastal waterbirds of the Falkland Islands: a preliminary analysis. In: C.R. Veitch, M.N. Clout, A.R. Martin, J.C. Russell &amp; C.J. West (eds.) Island invasives: scaling up to meet the challenge, pp. 147\u2013153. Occasional Paper SSC no. 62. Gland, Switzerland: IUCN.<\/li>\n<li>Tabak, M.A., O.R.J. Anderson, G. Robb, Poncet, K. Passfield, M.G. Martinez &amp; C. Martinez del Rio (2016) Comparative isotopic natural history of two native passerines (<em>Troglodytes cobbi<\/em> and <em>Cinclodes antarcticus<\/em>) and the invasive rats (<em>Rattus norvegicus<\/em>) that extirpate them. Austral Ecology DOI:10.1111\/aec.12351<\/li>\n<li>Tabak, MA, ORJ Aanderson, G Robb, S Poncet, K Passfield, M Gaste Martinez &amp; C Martinez del Rio (2016) Comparative isotopic natural history of two native passerines (<em>Troglodytes cobbi<\/em> and <em>Cinclodes antarcticus<\/em>) and the invasive rats (<em>Rattus norvegicus<\/em>) that extirpate them. Austral Ecology. doi:10.1111\/aec.12351<\/li>\n<li>Tabak, M.A., Poncet, K. Passfield, J. R. Goheen &amp; C. Martinez del Rio (2016) The ghost of invasives past: rat eradication and the community composition and energy flow of island bird communities. Ecosphere 7(8):e01442.10.1002\/ecs2.1442.<\/li>\n<li>Tabak, M. A., Poncet, K. Passfield, M.D. Carling &amp; C. Martinez del Rio (2015). The relationship between distance and genetic similarity among invasive rat populations in the Falkland Islands. Conservation Genetics 16:125\u2013135. DOI 10.1007\/s10592-014-0646-4<\/li>\n<li>Tabak, M. A., Poncet, K. Passfield &amp; C. Martinez del Rio (2015). Modeling the distribution of Norway rats (<em>Rattus norvegicus<\/em>) on offshore islands in the Falkland Islands. NeoBiota 24: 33\u201348. DOI: 10.3897\/neobiota.24.8433<\/li>\n<li>Jones HP, ND Holmes, SHM Butchart, BR Tershy, PJ Kappes, I Corkery, A Aguirre-Mu\u00f1oz, DP Armstrong, E Bonnaud, AA Burbidge, K Campbell, F Courchamp, PE Cowan, RJ Cuthbert, S Ebbert, P Genovesi, GR Howald, BS Keitt, SW Kress, CM Miskelly, S Oppel, S Poncet, MJ Rauzon, G Rocamora, JC Russell, A Samaniego-Herrera, PJ Seddon, DR Spatz, DR Towns &amp; DA Croll (2015) Invasive mammal eradication on islands results in substantial conservation gains. Proceedings of the National Academy of Sciences of the Unites States of America. 1073\/pnas.1521179113<\/li>\n<li>Tabak, M.A., Poncet, K. Passfield, J.R. Goheen &amp; C. Martinez del Rio (2014) Rat eradication and the resistance and resilience of passerine bird assemblages in the Falkland Islands. Journal of Animal Ecology 10\/2014; DOI: 10.1111\/1365-2656.12312<\/li>\n<li>Tabak MA, Poncet, K. Passfield &amp; C. Martinez del Rio (2014) Invasive species and land bird diversity on remote South Atlantic Islands. Biological Invasions 16, 341-352.<\/li>\n<li>Poncet, L. Poncet, D. Poncet, D. Christie, C. Dockrill, and D. Brown (2011) Introduced mammal eradications in the Falkland Islands and South Georgia. In C.R. Veitch, M.N. Clout &amp; D.R. Towns (eds.) Island invasives: eradication and management. IUCN, Gland, Switzerland.<\/li>\n<li>St Clair, J.J.H., S. Poncet, D.K. Sheehan, T. Sz\u00e9kely &amp; G.M. Hilton (2011) Responses of an island endemic invertebrate to rodent invasion and eradication. Animal Conservation 14(1): 66\u201373<\/li>\n<\/ul>\n","protected":false},"excerpt":{"rendered":"<p>In addition to our own studies, the ART supports various international research programmes, with a particular focus on long-term monitoring projects. For example, we have supported: Study on the seasonal movements and immigration of Striated Caracaras on Isla de los <span class=\"excerpt-dots\">&hellip;<\/span> <a class=\"more-link\" href=\"https:\/\/antarctic-research.de\/wordpress2014\/en\/research-conservation-2\/scientific-projects\/externe-projekte\/\"><span class=\"more-msg\">Weiterlesen &rarr;<\/span><\/a><\/p>\n","protected":false},"author":2,"featured_media":459,"parent":1915,"menu_order":7,"comment_status":"closed","ping_status":"closed","template":"","meta":{"ngg_post_thumbnail":0,"footnotes":""},"class_list":["post-1953","page","type-page","status-publish","has-post-thumbnail","hentry"],"_links":{"self":[{"href":"https:\/\/antarctic-research.de\/wordpress2014\/wp-json\/wp\/v2\/pages\/1953","targetHints":{"allow":["GET"]}}],"collection":[{"href":"https:\/\/antarctic-research.de\/wordpress2014\/wp-json\/wp\/v2\/pages"}],"about":[{"href":"https:\/\/antarctic-research.de\/wordpress2014\/wp-json\/wp\/v2\/types\/page"}],"author":[{"embeddable":true,"href":"https:\/\/antarctic-research.de\/wordpress2014\/wp-json\/wp\/v2\/users\/2"}],"replies":[{"embeddable":true,"href":"https:\/\/antarctic-research.de\/wordpress2014\/wp-json\/wp\/v2\/comments?post=1953"}],"version-history":[{"count":2,"href":"https:\/\/antarctic-research.de\/wordpress2014\/wp-json\/wp\/v2\/pages\/1953\/revisions"}],"predecessor-version":[{"id":1957,"href":"https:\/\/antarctic-research.de\/wordpress2014\/wp-json\/wp\/v2\/pages\/1953\/revisions\/1957"}],"up":[{"embeddable":true,"href":"https:\/\/antarctic-research.de\/wordpress2014\/wp-json\/wp\/v2\/pages\/1915"}],"wp:featuredmedia":[{"embeddable":true,"href":"https:\/\/antarctic-research.de\/wordpress2014\/wp-json\/wp\/v2\/media\/459"}],"wp:attachment":[{"href":"https:\/\/antarctic-research.de\/wordpress2014\/wp-json\/wp\/v2\/media?parent=1953"}],"curies":[{"name":"wp","href":"https:\/\/api.w.org\/{rel}","templated":true}]}}