{"id":192,"date":"2014-08-12T21:46:08","date_gmt":"2014-08-12T21:46:08","guid":{"rendered":"http:\/\/antarctic-research.de\/wordpress2014\/?page_id=192"},"modified":"2026-03-24T11:26:52","modified_gmt":"2026-03-24T10:26:52","slug":"ueber-uns","status":"publish","type":"page","link":"https:\/\/antarctic-research.de\/wordpress2014\/ueber-uns\/","title":{"rendered":"\u00dcber uns"},"content":{"rendered":"<p><strong>Postadresse<\/strong>:<br \/>\nAntarctic Research Trust<br \/>\nGeneral Guisanstr. 5<br \/>\nCH-8127 Forch<br \/>\nSchweiz<\/p>\n<p style=\"color: #333333;\"><strong>Stiftungssitze:<\/strong><br \/>\nAntarctic Research Trust (Switzerland)<br \/>\nc\/o Zoo Z\u00fcrich<br \/>\nZ\u00fcrichbergstrasse 221<br \/>\nCH-8044 Z\u00fcrich<br \/>\nSwitzerland<\/p>\n<p style=\"color: #333333;\">Antarctic Research Trust (Falkland Islands)<br \/>\nP.O. Box 538<br \/>\nStanley FIQQ 1ZZ<br \/>\nFalkland Islands<br \/>\nSouth Atlantic<\/p>\n<p style=\"color: #333333;\">Supporters of Antarctic Research (United States of America)<br \/>\nc\/o Andrew Holman<br \/>\n512 N 50th Street<br \/>\nMilwaukee, WI 53208<br \/>\nUSA<\/p>\n<blockquote class=\"webkit-indent-blockquote\" style=\"border-style: none; margin: 0px 0px 0px 40px; padding: 0px;\"><p><span class=\"Apple-style-span\" style=\"font-weight: bold;\">Bankverbindung:<\/span><br \/>\nAntarctic Research Trust (Switzerland)<br \/>\nUBS Switzerland AG, 8070 Z\u00fcrich<br \/>\nCHF Konto&nbsp; &nbsp; &nbsp; IBAN: CH06 0021 5215 3112 7701 U<br \/>\nUSD Konto&nbsp; &nbsp; &nbsp;IBAN: CH50 0021 5215 3112 7760 V<br \/>\nGBP Konto&nbsp; &nbsp; &nbsp;IBAN: CH28 0021 5215 3112 7762 X<br \/>\nEUR Konto&nbsp; &nbsp; &nbsp;IBAN: CH88 0021 5215 3112 7761 N<br \/>\nBIC\/SWIFT: UBSWCHZH80A<\/p>\n<p>Antarctic Research Trust (Falkland Islands)<br \/>\nStandard Chartered Bank, Stanley Branch, Falkland Islands<br \/>\nAccount No. 010\/02\/06603\/01<\/p><\/blockquote>\n<p>&nbsp;<\/p>\n","protected":false},"excerpt":{"rendered":"<p>Postadresse: Antarctic Research Trust General Guisanstr. 5 CH-8127 Forch Schweiz Stiftungssitze: Antarctic Research Trust (Switzerland) c\/o Zoo Z\u00fcrich Z\u00fcrichbergstrasse 221 CH-8044 Z\u00fcrich Switzerland Antarctic Research Trust (Falkland Islands) P.O. Box 538 Stanley FIQQ 1ZZ Falkland Islands South Atlantic Supporters of <span class=\"excerpt-dots\">&hellip;<\/span> <a class=\"more-link\" href=\"https:\/\/antarctic-research.de\/wordpress2014\/ueber-uns\/\"><span class=\"more-msg\">Weiterlesen &rarr;<\/span><\/a><\/p>\n","protected":false},"author":1,"featured_media":0,"parent":0,"menu_order":6,"comment_status":"closed","ping_status":"open","template":"","meta":{"ngg_post_thumbnail":0,"footnotes":""},"class_list":["post-192","page","type-page","status-publish","hentry"],"_links":{"self":[{"href":"https:\/\/antarctic-research.de\/wordpress2014\/wp-json\/wp\/v2\/pages\/192","targetHints":{"allow":["GET"]}}],"collection":[{"href":"https:\/\/antarctic-research.de\/wordpress2014\/wp-json\/wp\/v2\/pages"}],"about":[{"href":"https:\/\/antarctic-research.de\/wordpress2014\/wp-json\/wp\/v2\/types\/page"}],"author":[{"embeddable":true,"href":"https:\/\/antarctic-research.de\/wordpress2014\/wp-json\/wp\/v2\/users\/1"}],"replies":[{"embeddable":true,"href":"https:\/\/antarctic-research.de\/wordpress2014\/wp-json\/wp\/v2\/comments?post=192"}],"version-history":[{"count":9,"href":"https:\/\/antarctic-research.de\/wordpress2014\/wp-json\/wp\/v2\/pages\/192\/revisions"}],"predecessor-version":[{"id":2391,"href":"https:\/\/antarctic-research.de\/wordpress2014\/wp-json\/wp\/v2\/pages\/192\/revisions\/2391"}],"wp:attachment":[{"href":"https:\/\/antarctic-research.de\/wordpress2014\/wp-json\/wp\/v2\/media?parent=192"}],"curies":[{"name":"wp","href":"https:\/\/api.w.org\/{rel}","templated":true}]}}