{"id":1915,"date":"2023-06-30T12:12:53","date_gmt":"2023-06-30T10:12:53","guid":{"rendered":"https:\/\/www.antarctic-research.de\/?page_id=1915"},"modified":"2025-08-07T13:01:04","modified_gmt":"2025-08-07T11:01:04","slug":"scientific-projects","status":"publish","type":"page","link":"https:\/\/antarctic-research.de\/wordpress2014\/en\/research-conservation-2\/scientific-projects\/","title":{"rendered":"Scientific projects"},"content":{"rendered":"<p style=\"text-align: justify;\">Five penguin species, <a href=\"https:\/\/antarctic-research.de\/wordpress2014\/?page_id=55\" target=\"_blank\" rel=\"noopener noreferrer\">King<\/a>, <a href=\"https:\/\/antarctic-research.de\/wordpress2014\/?page_id=78\" target=\"_blank\" rel=\"noopener noreferrer\">Magellanic<\/a>, <a href=\"https:\/\/antarctic-research.de\/wordpress2014\/?page_id=95\" target=\"_blank\" rel=\"noopener noreferrer\">Gentoo<\/a>, <a href=\"https:\/\/antarctic-research.de\/wordpress2014\/?page_id=67\" target=\"_blank\" rel=\"noopener noreferrer\">Rockhopper<\/a>&nbsp;and Macaroni Penguins inhabit the southwest Atlantic Ocean, which stretches from the Peninsula Vald\u00e9s at about 40\u00b0S down to Cape Horn along the eastern coast of South-America, and includes the Falkland Islands\/Malvinas. As part of our scientific research we have, with the exception of the Macaroni penguin, extensively studied the biology and ecology of these species. Similar studies werde conducted on&nbsp;<a href=\"http:\/\/www.antarctic-research.de\/wordpress2014\/?page_id=87\" target=\"_blank\" rel=\"noopener noreferrer\">Humboldt Penguins<\/a> in the eastern Pacific, on Erect-crested and on <a href=\"https:\/\/antarctic-research.de\/wordpress2014\/?page_id=710\" target=\"_blank\" rel=\"noopener noreferrer\">Fjordland Penguins<\/a> in New Zealand. Numerous studies have also been conducted on <a href=\"https:\/\/antarctic-research.de\/wordpress2014\/?page_id=50\" target=\"_blank\" rel=\"noopener noreferrer\">Albatrosses<\/a> from South Georgia, Petrels, raptors and geese in the Southwest-Atlantic as well as Cormorants in New Zealand. There are many general websites and references available about penguins, e.g. <a href=\"http:\/\/en.wikipedia.org\/wiki\/Penguins\" target=\"_blank\" rel=\"noopener noreferrer\">Wikipedia<\/a>, but for our specific findings, please see below and subpages.<\/p>\n<p>Publications (Penguins in general):<\/p>\n<ul>\n<li>Ariyama, N., R. Tapia, C. Godoy, B. Ag\u00fcero, V. Vald\u00e9s, F. Berrios, P. Garc\u00eda Borboroglu, K. P\u00fctz, G. Barriga, R. Medina &amp; V. Neira (2021) Avian orthoavulavirus 1 (Newcastle Disease virus) antibodies in five penguin species, Antarctic peninsula and Southern Patagonia.Transboundary and Emerging Diseases 68: 3096\u20133102.<\/li>\n<li>Crawford, R., U. Ellenberg, E. Frere, C. Hagen, K.. Baird, P. Brewin, S. Crofts, J. Glass, T. Mattern, J. Pompert, K. Ross, J. Kemper, K. Ludynia, R.B. Sherley, A. Steinfurth, C.G. Suazo, P. Yorio, L. Tamini, J.C. Mangel, L. Bugoni, G. Jimenez-Uzcategui, A. Simeone, G. Luna-Jorquera, P. Gandini, E.J Woehler, K. P\u00fctz, P. Dann, A. Chiaradia &amp;&nbsp; C. Small (2017) Tangled and drowned: A global review of penguin bycatch in fisheries. Endangered Species Research 34: 373-396<\/li>\n<li>Trathan, P.N., P. Garc\u00eda-Borboroglu, P.D. Boersma, C.A. Bost, R.J.M. Crawford, G.T. Crossin, R.J. Cuthbert, P. Dann, L.S. Davis, S. de la Puente, U. Ellenberg, H.J. Lynch, T. Mattern, K. P\u00fctz, P.J. Seddon, W. Trivelpiece &amp; B. Wienecke (2014) Pollution, habitat loss, fishing and climate change as critical threats to penguins. Conservation Biology 29(1): 31-41.<\/li>\n<li>Clausen, A.P. &amp;&nbsp;K. P\u00fctz&nbsp;(2002) Recent trends in diet composition and productivity of Gentoo, Magellanic and Rockhopper Penguins in the Falkland Islands. Aquatic Conservation 12: 51-61<\/li>\n<li>P\u00fctz, K., R.J. Ingham, J.G. Smith &amp; J.P. Croxall (2001) Population trends, breeding success and diet composition of gentoo&nbsp;<em>Pygoscelis papua<\/em>, magellanic&nbsp;<em>Spheniscus magellanicus<\/em>&nbsp;and rockhopper&nbsp;<em>Eudyptes chrysocome<\/em>&nbsp;penguins in the Falkland Islands. Polar Biology 24: 793-807<\/li>\n<\/ul>\n","protected":false},"excerpt":{"rendered":"<p>Five penguin species, King, Magellanic, Gentoo, Rockhopper&nbsp;and Macaroni Penguins inhabit the southwest Atlantic Ocean, which stretches from the Peninsula Vald\u00e9s at about 40\u00b0S down to Cape Horn along the eastern coast of South-America, and includes the Falkland Islands\/Malvinas. As part <span class=\"excerpt-dots\">&hellip;<\/span> <a class=\"more-link\" href=\"https:\/\/antarctic-research.de\/wordpress2014\/en\/research-conservation-2\/scientific-projects\/\"><span class=\"more-msg\">Weiterlesen &rarr;<\/span><\/a><\/p>\n","protected":false},"author":2,"featured_media":46,"parent":1912,"menu_order":1,"comment_status":"closed","ping_status":"closed","template":"","meta":{"ngg_post_thumbnail":0,"footnotes":""},"class_list":["post-1915","page","type-page","status-publish","has-post-thumbnail","hentry"],"_links":{"self":[{"href":"https:\/\/antarctic-research.de\/wordpress2014\/wp-json\/wp\/v2\/pages\/1915","targetHints":{"allow":["GET"]}}],"collection":[{"href":"https:\/\/antarctic-research.de\/wordpress2014\/wp-json\/wp\/v2\/pages"}],"about":[{"href":"https:\/\/antarctic-research.de\/wordpress2014\/wp-json\/wp\/v2\/types\/page"}],"author":[{"embeddable":true,"href":"https:\/\/antarctic-research.de\/wordpress2014\/wp-json\/wp\/v2\/users\/2"}],"replies":[{"embeddable":true,"href":"https:\/\/antarctic-research.de\/wordpress2014\/wp-json\/wp\/v2\/comments?post=1915"}],"version-history":[{"count":2,"href":"https:\/\/antarctic-research.de\/wordpress2014\/wp-json\/wp\/v2\/pages\/1915\/revisions"}],"predecessor-version":[{"id":2346,"href":"https:\/\/antarctic-research.de\/wordpress2014\/wp-json\/wp\/v2\/pages\/1915\/revisions\/2346"}],"up":[{"embeddable":true,"href":"https:\/\/antarctic-research.de\/wordpress2014\/wp-json\/wp\/v2\/pages\/1912"}],"wp:featuredmedia":[{"embeddable":true,"href":"https:\/\/antarctic-research.de\/wordpress2014\/wp-json\/wp\/v2\/media\/46"}],"wp:attachment":[{"href":"https:\/\/antarctic-research.de\/wordpress2014\/wp-json\/wp\/v2\/media?parent=1915"}],"curies":[{"name":"wp","href":"https:\/\/api.w.org\/{rel}","templated":true}]}}