{"id":1830,"date":"2023-04-27T15:26:48","date_gmt":"2023-04-27T13:26:48","guid":{"rendered":"https:\/\/www.antarctic-research.de\/?page_id=1830"},"modified":"2025-08-07T14:36:24","modified_gmt":"2025-08-07T12:36:24","slug":"kronenpinguine-2","status":"publish","type":"page","link":"https:\/\/antarctic-research.de\/wordpress2014\/research-conservation-2-2\/scientific-projects-2\/kronenpinguine-2\/","title":{"rendered":"Kronenpinguine"},"content":{"rendered":"<p>Der Kronenpinguin (<em>Eudyptes sclateri<\/em>) ist die am wenigste bekannte und untersuchte Pinguinart der Welt. Sie br\u00fctet ausschlie\u00dflich auf den Bounty- und Antipoden-Inseln in Neuseelands subantarktischer Region, im Verbund mit der \u00f6stlichen Variante des Felsenpinguins (<em>Eudyptes filholi<\/em>). Beide Arten erlebten anscheinend massive Populationsr\u00fcckg\u00e4nge seit den 1970er Jahren, wobei die Ursachen f\u00fcr diese R\u00fcckg\u00e4nge weitgehendst unerforscht bleiben. Ansteigende Ozeantemperaturen werden als m\u00f6gliche Erkl\u00e4rung aufgef\u00fchrt, wobei allerdings die Datengrundlage f\u00fcr solche R\u00fcckschl\u00fcsse gering ist. In welchem Ma\u00df industrielle Fischereiaktivit\u00e4ten zu der schwierigen Lage beider Pinguinraten beitragen ist unklar. Das gleiche gilt f\u00fcr die Stabilit\u00e4t der Bruthabitate besonders auf den Antipoden-Inseln, wo in j\u00fcngerer Vergangenheit Landerosion als potenzielle Gef\u00e4hrdung der Pinguinkolonien wurden. Beide Faktoren k\u00f6nnten durch Regulation und Land-Management adressiert werden. Im Rahmen einer Kooperation mit dem Tawaki Projekt sollen in einem mehrj\u00e4hrigen Projekt die Best\u00e4nde gez\u00e4hlt und die Ern\u00e4hrungs\u00f6kologie der beiden Arten untersucht werden. Seit 2022 finden j\u00e4hrlich Expeditionen zu den Inseln statt.<\/p>\n<div class=\"entry-content clearfix\">\n<p><img loading=\"lazy\" decoding=\"async\" class=\"alignright size-full wp-image-1831\" src=\"https:\/\/antarctic-research.de\/wordpress2014\/wp-content\/uploads\/2023\/04\/22_BAP_DSC6274.jpg\" alt=\"\" width=\"1280\" height=\"853\" srcset=\"https:\/\/antarctic-research.de\/wordpress2014\/wp-content\/uploads\/2023\/04\/22_BAP_DSC6274.jpg 1280w, https:\/\/antarctic-research.de\/wordpress2014\/wp-content\/uploads\/2023\/04\/22_BAP_DSC6274-300x200.jpg 300w, https:\/\/antarctic-research.de\/wordpress2014\/wp-content\/uploads\/2023\/04\/22_BAP_DSC6274-1024x682.jpg 1024w, https:\/\/antarctic-research.de\/wordpress2014\/wp-content\/uploads\/2023\/04\/22_BAP_DSC6274-768x512.jpg 768w\" sizes=\"auto, (max-width: 1280px) 100vw, 1280px\" \/><\/p>\n<\/div>\n<p>&nbsp;<\/p>\n<p>White, J., T. Mattern, K. P\u00fctz, H. Mattern, D. Houston, R. Long, B.C. Keys, U. Ellenberg &amp; P. Garcia-Borboroglu (2023) Plumage colour aberrations in erect-crested penguins (<em>Eudyptes sclateri<\/em>) on Antipodes Island. Notornis 70: 143-146&nbsp;<\/p>\n<p>&nbsp;<\/p>\n<p>&nbsp;<\/p>\n","protected":false},"excerpt":{"rendered":"<p>Der Kronenpinguin (Eudyptes sclateri) ist die am wenigste bekannte und untersuchte Pinguinart der Welt. Sie br\u00fctet ausschlie\u00dflich auf den Bounty- und Antipoden-Inseln in Neuseelands subantarktischer Region, im Verbund mit der \u00f6stlichen Variante des Felsenpinguins (Eudyptes filholi). Beide Arten erlebten anscheinend <span class=\"excerpt-dots\">&hellip;<\/span> <a class=\"more-link\" href=\"https:\/\/antarctic-research.de\/wordpress2014\/research-conservation-2-2\/scientific-projects-2\/kronenpinguine-2\/\"><span class=\"more-msg\">Weiterlesen &rarr;<\/span><\/a><\/p>\n","protected":false},"author":2,"featured_media":0,"parent":43,"menu_order":1,"comment_status":"closed","ping_status":"closed","template":"","meta":{"ngg_post_thumbnail":0,"footnotes":""},"class_list":["post-1830","page","type-page","status-publish","hentry"],"_links":{"self":[{"href":"https:\/\/antarctic-research.de\/wordpress2014\/wp-json\/wp\/v2\/pages\/1830","targetHints":{"allow":["GET"]}}],"collection":[{"href":"https:\/\/antarctic-research.de\/wordpress2014\/wp-json\/wp\/v2\/pages"}],"about":[{"href":"https:\/\/antarctic-research.de\/wordpress2014\/wp-json\/wp\/v2\/types\/page"}],"author":[{"embeddable":true,"href":"https:\/\/antarctic-research.de\/wordpress2014\/wp-json\/wp\/v2\/users\/2"}],"replies":[{"embeddable":true,"href":"https:\/\/antarctic-research.de\/wordpress2014\/wp-json\/wp\/v2\/comments?post=1830"}],"version-history":[{"count":6,"href":"https:\/\/antarctic-research.de\/wordpress2014\/wp-json\/wp\/v2\/pages\/1830\/revisions"}],"predecessor-version":[{"id":2354,"href":"https:\/\/antarctic-research.de\/wordpress2014\/wp-json\/wp\/v2\/pages\/1830\/revisions\/2354"}],"up":[{"embeddable":true,"href":"https:\/\/antarctic-research.de\/wordpress2014\/wp-json\/wp\/v2\/pages\/43"}],"wp:attachment":[{"href":"https:\/\/antarctic-research.de\/wordpress2014\/wp-json\/wp\/v2\/media?parent=1830"}],"curies":[{"name":"wp","href":"https:\/\/api.w.org\/{rel}","templated":true}]}}