{"id":128,"date":"2014-08-12T21:08:00","date_gmt":"2014-08-12T21:08:00","guid":{"rendered":"http:\/\/antarctic-research.de\/wordpress2014\/?page_id=128"},"modified":"2026-03-24T11:21:15","modified_gmt":"2026-03-24T10:21:15","slug":"spenden-buecher-kalender","status":"publish","type":"page","link":"https:\/\/antarctic-research.de\/wordpress2014\/unterstuetzung\/spenden-buecher-kalender\/","title":{"rendered":"Spenden, B\u00fccher &#038; Kalender"},"content":{"rendered":"<p><strong style=\"color: #333333;\">1.) Sie unterst\u00fctzen uns durch Geldspenden beliebiger H\u00f6he<\/strong><br style=\"color: #333333;\"><span style=\"color: #333333;\">Von diesen nicht weiter spezifizierten Geldspenden werden alle weiteren Forschungskosten, die nicht durch Patenschaften abgedeckt werden, wie z.B. Transportkosten, Kleinmaterial usw., finanziert.<\/span><\/p>\n<p><strong>2.) Erwerb von Bild-Kalender und B\u00fcchern<\/strong><\/p>\n<p><a href=\"https:\/\/antarctic-research.de\/wordpress2014\/wp-content\/uploads\/2025\/06\/01-BHL_1679_web.jpg\"><img loading=\"lazy\" decoding=\"async\" class=\"alignnone size-medium wp-image-2310 alignleft\" src=\"https:\/\/antarctic-research.de\/wordpress2014\/wp-content\/uploads\/2025\/06\/01-BHL_1679_web-300x199.jpg\" alt=\"\" width=\"300\" height=\"199\" srcset=\"https:\/\/antarctic-research.de\/wordpress2014\/wp-content\/uploads\/2025\/06\/01-BHL_1679_web-300x199.jpg 300w, https:\/\/antarctic-research.de\/wordpress2014\/wp-content\/uploads\/2025\/06\/01-BHL_1679_web-768x510.jpg 768w, https:\/\/antarctic-research.de\/wordpress2014\/wp-content\/uploads\/2025\/06\/01-BHL_1679_web.jpg 1024w\" sizes=\"auto, (max-width: 300px) 100vw, 300px\" \/><\/a><\/p>\n<p style=\"color: #333333; text-align: justify;\">Jedes Jahr ver\u00f6ffentlicht der ART einen gro\u00dfformatigen <strong><a href=\"https:\/\/antarctic-research.de\/?page_id=351\" target=\"_blank\" rel=\"noopener noreferrer\">Bild-Kalender<\/a><\/strong>&nbsp;mit Motiven aus der Subantarktis und der Antarktis. Sichern Sie sich rechtzeitig dieses beliebte Sammlerst\u00fcck.<\/p>\n<p style=\"color: #333333; text-align: justify;\">Preis: 35,- \u20ac inkl. Porto bei Versand innerhalb Europas.<\/p>\n<p style=\"color: #333333; text-align: justify;\">Sollten Sie Interesse am Erwerb eines Reisebegleiters oder eines Kalenders f\u00fcr das kommende Jahr haben,&nbsp;<strong><a href=\"http:\/\/www.antarctic-research.de\/?page_id=194\" target=\"_blank\" rel=\"noopener noreferrer\">kontaktieren<\/a><\/strong>&nbsp;Sie uns!<\/p>\n<p>&nbsp;<\/p>\n<p>&nbsp;<\/p>\n<p style=\"color: #333333; text-align: justify;\"><a href=\"https:\/\/www.amazon.de\/Antarktische-Halbinsel-Falkland-Inseln-S%C3%BCdgeorgien-Reisebegleiter\/dp\/303300606X\" target=\"_blank\" rel=\"https:\/\/www.amazon.de\/antarktische-halbinsel-falkland-inseln-s%c3%bcdgeorgien-reisebegleiter\/dp\/303300606x noopener noreferrer\"><img loading=\"lazy\" decoding=\"async\" class=\"alignleft wp-image-131 \" src=\"https:\/\/antarctic-research.de\/wordpress2014\/wp-content\/uploads\/2014\/08\/reisebegleiter-210x300.jpg\" alt=\"reisebegleiter\" width=\"331\" height=\"473\" srcset=\"https:\/\/antarctic-research.de\/wordpress2014\/wp-content\/uploads\/2014\/08\/reisebegleiter-210x300.jpg 210w, https:\/\/antarctic-research.de\/wordpress2014\/wp-content\/uploads\/2014\/08\/reisebegleiter.jpg 257w\" sizes=\"auto, (max-width: 331px) 100vw, 331px\" \/><\/a>Der<strong> Reisebegleiter<\/strong> richtet sich an alle Reisenden in die Antarktis und die Subantarktis und ist mit seinen zahlreichen Informationen \u00fcber Geologie, Geografie, Klima, Geschichte, Flora und Fauna sowie den Ausgangsh\u00e4fen und individuellen Landestellen gleichzeitig Vorbereitungslekt\u00fcre und Nachschlagewerk vor Ort. Er soll dazu beitragen, dass sich Touristen in der Antarktis wohlf\u00fchlen &#8211; in einer Welt, in der einmal nicht der Mensch bestimmt. Das Format ist so gew\u00e4hlt, dass die Reiselekt\u00fcre in jede Jackentasche passt.<\/p>\n<p style=\"color: #333333; text-align: justify;\">230 Seiten, 170 x 122 x 17 mm, 9 Karten, 64 Bilder, 17 Illustrationen, 1 Abbildung<\/p>\n<p>ISBN-10 3-033-00606-X<br>ISBN-13 978 3-033-00606-5<\/p>\n<p style=\"color: #333333; text-align: justify;\">Preis: 30,- \u20ac inkl. Porto bei Versand innerhalb Europas<\/p>\n<p>&nbsp;<\/p>\n<p>&nbsp;<\/p>\n<p>&nbsp;<\/p>\n<p>&nbsp;<\/p>\n<p>&nbsp;<\/p>\n<p style=\"color: #333333; text-align: justify;\"><a href=\"http:\/\/www.amazon.de\/Tierwelt-Antarktis-Subantarktis-Bestimmungsbuch-Nachschlagewerk\/dp\/3033017916\/ref=sr_1_1?ie=UTF8&amp;s=books&amp;qid=1253257005&amp;sr=8-1\" target=\"_blank\" rel=\"http:\/\/www.amazon.de\/tierwelt-antarktis-subantarktis-bestimmungsbuch-nachschlagewerk\/dp\/3033017916\/ref=sr_1_1?ie=utf8&amp;s=books&amp;qid=1253257005&amp;sr=8-1 noopener noreferrer\"><img loading=\"lazy\" decoding=\"async\" class=\"wp-image-133 alignleft\" src=\"https:\/\/antarctic-research.de\/wordpress2014\/wp-content\/uploads\/2014\/08\/tierwelt_webres-212x300.jpg\" alt=\"tierwelt_webres\" width=\"318\" height=\"450\" srcset=\"https:\/\/antarctic-research.de\/wordpress2014\/wp-content\/uploads\/2014\/08\/tierwelt_webres-212x300.jpg 212w, https:\/\/antarctic-research.de\/wordpress2014\/wp-content\/uploads\/2014\/08\/tierwelt_webres-725x1024.jpg 725w, https:\/\/antarctic-research.de\/wordpress2014\/wp-content\/uploads\/2014\/08\/tierwelt_webres.jpg 1380w\" sizes=\"auto, (max-width: 318px) 100vw, 318px\" \/><\/a>Dieses <strong>Bestimmungsbuch<\/strong> f\u00fcr die Antarktische und sub-Antarktische Tierwelt beinhaltet informative Beschreibungen (in Text und Bild) der Vogel- und Meeress\u00e4ugerarten, die man auf einer Reise in die Antarktis, auf die Falklandinseln und nach S\u00fcdgeorgien beobachten kann. Das bew\u00e4hrte Format des Reisebegleiters wurde beibehalten.<\/p>\n<p style=\"text-align: justify;\">158 Seiten, 170 x 122 x 17 mm<\/p>\n<p style=\"text-align: justify;\">ISBN 978-3-033-01791-7<\/p>\n<p style=\"text-align: left;\">Preis: 30,- \u20ac inkl. Porto bei Versand innerhalb Europas.<\/p>\n<p>&nbsp;<\/p>\n<p>Sollten Sie Interesse am Erwerb eines Reisebegleiters oder eines Bestimmungsbuches haben, <strong><a href=\"http:\/\/www.antarctic-research.de\/?page_id=194\" target=\"_blank\" rel=\"noopener noreferrer\">kontaktieren<\/a><\/strong>&nbsp;Sie uns!<\/p>\n<p>&nbsp;<\/p>\n<p>&nbsp;<\/p>\n<p>&nbsp;<\/p>\n<p style=\"color: #333333; text-align: justify;\"><a href=\"https:\/\/antarctic-research.de\/wordpress2014\/wp-content\/uploads\/2021\/10\/2022-00.jpg\"><img loading=\"lazy\" decoding=\"async\" class=\"wp-image-1649 alignleft\" src=\"https:\/\/antarctic-research.de\/wordpress2014\/wp-content\/uploads\/2022\/03\/BHL_4831_nn-scaled.jpg\" alt=\"\" width=\"326\" height=\"476\" srcset=\"https:\/\/antarctic-research.de\/wordpress2014\/wp-content\/uploads\/2022\/03\/BHL_4831_nn-scaled.jpg 1755w, https:\/\/antarctic-research.de\/wordpress2014\/wp-content\/uploads\/2022\/03\/BHL_4831_nn-206x300.jpg 206w, https:\/\/antarctic-research.de\/wordpress2014\/wp-content\/uploads\/2022\/03\/BHL_4831_nn-702x1024.jpg 702w, https:\/\/antarctic-research.de\/wordpress2014\/wp-content\/uploads\/2022\/03\/BHL_4831_nn-768x1120.jpg 768w, https:\/\/antarctic-research.de\/wordpress2014\/wp-content\/uploads\/2022\/03\/BHL_4831_nn-1053x1536.jpg 1053w, https:\/\/antarctic-research.de\/wordpress2014\/wp-content\/uploads\/2022\/03\/BHL_4831_nn-1404x2048.jpg 1404w\" sizes=\"auto, (max-width: 326px) 100vw, 326px\" \/><\/a>Ein umfassendes Buch \u00fcber die Pflanzen auf Hummock Island ist in deutscher und franz\u00f6sischer Sprache erschienen.<\/p>\n<p><strong>Deutsch:<\/strong><br>Die Pflanzen von Hummock Island, Falklandinseln<br>Katharina Kreissig &amp; Aliz\u00e9e Fouchard<br>ISBN 978-3-033-07885-7<\/p>\n<p>Preis: 30,- \u20ac inkl. Porto bei Versand innerhalb Europas.<\/p>\n<p>Sie k\u00f6nnen dieses Buch \u00fcber uns bestellen, <strong><a href=\"http:\/\/www.antarctic-research.de\/?page_id=194\" target=\"_blank\" rel=\"noopener noreferrer\">kontaktieren<\/a><\/strong> Sie uns!<\/p>\n<p>&nbsp;<\/p>\n<p>&nbsp;<\/p>\n<p>&nbsp;<\/p>\n<p>&nbsp;<\/p>\n<p>&nbsp;<\/p>\n<p style=\"color: #333333; text-align: right;\">&nbsp;<\/p>\n<p><img loading=\"lazy\" decoding=\"async\" class=\"alignright wp-image-1650\" src=\"https:\/\/antarctic-research.de\/wordpress2014\/wp-content\/uploads\/2022\/03\/60433847n.jpg\" alt=\"\" width=\"345\" height=\"486\" srcset=\"https:\/\/antarctic-research.de\/wordpress2014\/wp-content\/uploads\/2022\/03\/60433847n.jpg 242w, https:\/\/antarctic-research.de\/wordpress2014\/wp-content\/uploads\/2022\/03\/60433847n-213x300.jpg 213w\" sizes=\"auto, (max-width: 345px) 100vw, 345px\" \/><\/p>\n<p><strong>Franz\u00f6sisch:<\/strong><br>La flore de l&#8217;Ile de Hummock, Iles Falkland<br>Aliz\u00e9e Fouchard &amp; Katharina Kreissig<br>ISBN 978-3-347-12366-3 (Paperback)<br>ISBN 978-3-347-12367-0 (Hardcover)<br>ISBN 978-3-347-12368-7 (e-Book)<\/p>\n<p>Preis: 30,- \u20ac inkl. Porto bei Versand innerhalb Europas.&nbsp;<\/p>\n<p>Sie k\u00f6nnen dieses Buch <a href=\"https:\/\/shop.tredition.com\/booktitle\/La_flore_de_lle_de_Hummock_les_Falkland\/W-1_138457\" target=\"_blank\" rel=\"noopener noreferrer\">hier<\/a> bestellen.<\/p>\n<p>&nbsp;<\/p>\n<p>&nbsp;<\/p>\n<p style=\"text-align: center;\"><strong>Bankverbindung:<\/strong><br>UBS Switzerland AG, 8070 Z\u00fcrich<br>IBAN: CH06 0021 5215 3112 7701 U<br>BIC\/SWIFT: UBSWCHZH80A<\/p>\n<p>&nbsp;<\/p>\n\n\n<p><\/p>\n","protected":false},"excerpt":{"rendered":"<p>1.) Sie unterst\u00fctzen uns durch Geldspenden beliebiger H\u00f6heVon diesen nicht weiter spezifizierten Geldspenden werden alle weiteren Forschungskosten, die nicht durch Patenschaften abgedeckt werden, wie z.B. Transportkosten, Kleinmaterial usw., finanziert. 2.) Erwerb von Bild-Kalender und B\u00fcchern Jedes Jahr ver\u00f6ffentlicht der ART <span class=\"excerpt-dots\">&hellip;<\/span> <a class=\"more-link\" href=\"https:\/\/antarctic-research.de\/wordpress2014\/unterstuetzung\/spenden-buecher-kalender\/\"><span class=\"more-msg\">Weiterlesen &rarr;<\/span><\/a><\/p>\n","protected":false},"author":2,"featured_media":0,"parent":119,"menu_order":3,"comment_status":"closed","ping_status":"open","template":"","meta":{"ngg_post_thumbnail":0,"footnotes":""},"class_list":["post-128","page","type-page","status-publish","hentry"],"_links":{"self":[{"href":"https:\/\/antarctic-research.de\/wordpress2014\/wp-json\/wp\/v2\/pages\/128","targetHints":{"allow":["GET"]}}],"collection":[{"href":"https:\/\/antarctic-research.de\/wordpress2014\/wp-json\/wp\/v2\/pages"}],"about":[{"href":"https:\/\/antarctic-research.de\/wordpress2014\/wp-json\/wp\/v2\/types\/page"}],"author":[{"embeddable":true,"href":"https:\/\/antarctic-research.de\/wordpress2014\/wp-json\/wp\/v2\/users\/2"}],"replies":[{"embeddable":true,"href":"https:\/\/antarctic-research.de\/wordpress2014\/wp-json\/wp\/v2\/comments?post=128"}],"version-history":[{"count":115,"href":"https:\/\/antarctic-research.de\/wordpress2014\/wp-json\/wp\/v2\/pages\/128\/revisions"}],"predecessor-version":[{"id":2389,"href":"https:\/\/antarctic-research.de\/wordpress2014\/wp-json\/wp\/v2\/pages\/128\/revisions\/2389"}],"up":[{"embeddable":true,"href":"https:\/\/antarctic-research.de\/wordpress2014\/wp-json\/wp\/v2\/pages\/119"}],"wp:attachment":[{"href":"https:\/\/antarctic-research.de\/wordpress2014\/wp-json\/wp\/v2\/media?parent=128"}],"curies":[{"name":"wp","href":"https:\/\/api.w.org\/{rel}","templated":true}]}}