{"id":123,"date":"2014-08-12T20:54:09","date_gmt":"2014-08-12T20:54:09","guid":{"rendered":"http:\/\/antarctic-research.de\/wordpress2014\/?page_id=123"},"modified":"2026-03-24T11:17:45","modified_gmt":"2026-03-24T10:17:45","slug":"patenschaften","status":"publish","type":"page","link":"https:\/\/antarctic-research.de\/wordpress2014\/unterstuetzung\/patenschaften\/","title":{"rendered":"Patenschaften"},"content":{"rendered":"<p><span style=\"color: #333333;\">Zur Erfassung des Verhaltens von Tieren im Meer m\u00fcssen Ger\u00e4te auf den Tieren befestigt werden, die die Aktivit\u00e4ten der Tiere w\u00e4hrend ihres Aufenthalts im Meer registrieren. So geben z.B. Satellitensender und GPS-Fahrtenschreiber Aufschluss \u00fcber den Aufenthaltsort, Tauchtiefenrekorder zeichnen zudem die Bewegungen der Tiere im dreidimensionalen Raum auf. Sie k\u00f6nnen helfen, indem Sie zu den Kosten f\u00fcr die Ger\u00e4te beitragen:<\/span><\/p>\n<p style=\"text-align: justify;\"><strong style=\"color: #333333;\">1.) Finanzierung eines Satellitensenders im Wert von 1500,- Euro.<\/strong><br style=\"color: #333333;\"><img loading=\"lazy\" decoding=\"async\" class=\"wp-image-1139 alignleft\" src=\"https:\/\/antarctic-research.de\/wordpress2014\/wp-content\/uploads\/2019\/07\/King-Penguin-chick-KiwiSat-202_KMP_0127_lowres.jpg\" alt=\"\" width=\"223\" height=\"325\"><span style=\"color: #333333;\">Die Satellitensender werden auf den Pinguinen befestigt und senden in regelm\u00e4\u00dfigen Abst\u00e4nden ihren jeweiligen Aufenthaltsort. So erhalten wir Aufschluss \u00fcber die Wanderrouten der Tiere. Diese Informationen sind von entscheidender \u00f6kologischer Bedeutung, z.B. f\u00fcr die Einrichtung von Meeresreservaten. Durch die Finanzierung des Satellitensenders erhalten Sie die Gelegenheit, Ihrem \u201ePatenkind\u201c einen Namen zu geben. Sie k\u00f6nnen die Bewegungen Ihres Patenkindes und auch aller anderen Tiere im jeweiligen Projekt online im Internet verfolgen. Ferner erhalten Sie in regelm\u00e4\u00dfigen Abst\u00e4nden Zwischen- und Abschlussberichte \u00fcber die vom ART durchgef\u00fchrten Projekte.<\/span><\/p>\n<p style=\"text-align: justify;\"><strong style=\"color: #333333;\">2.) Finanzierung von Satellitenzeit im Wert von 1000,- Euro.<\/strong><br style=\"color: #333333;\"><span style=\"color: #333333;\">Die \u00dcbertragung der Positionsdaten wird durch im Orbit kreisende Satelliten gew\u00e4hrleistet, was etwa 10,- Euro pro Tag und Tier kostet. Durch die Finanzierung von 100 Satellitentagen in einem Projekt haben auch Sie die M\u00f6glichkeit, die Wanderungen der mit Sendern ausger\u00fcsteten Tiere online im Internet verfolgen zu k\u00f6nnen und erhalten ebenfalls Zwischen- und Abschlussberichte.<\/span><\/p>\n<p style=\"text-align: justify;\"><strong>3.) Finanzierung eines Tauchtiefenrekorders oder eines GPS-Loggers im Wert von 500,- Euro.<\/strong><br \/>\nNicht nur die Wanderrouten, sondern auch das individuelle Tauchverhalten liefert wertvolle Hinweise auf die Biologie der Pinguine. Kleine, im Gefieder befestigte Ger\u00e4te zeichnen verhaltensrelevante Parameter wie Tauchtiefe, Tauchdauer oder Umgebungstemperatur auf. Diese Daten k\u00f6nnen dann, nachdem die Ger\u00e4te den Tieren wieder abgenommen wurden, auf einen Computer \u00fcbertragen und analysiert werden. GPS-Logger bieten zudem die M\u00f6glichkeit, die exakte Position der Tiere in kurzen Zeitabst\u00e4nden zu rekonstruieren. Nach Abschluss des Projektes erhalten Sie einen ausf\u00fchrlichen Bericht \u00fcber das Tauchverhalten aller untersuchten Tiere und den sich daraus ergebenden Konsequenzen. Au\u00dferdem werden Sie regelm\u00e4\u00dfig \u00fcber die Aktivit\u00e4ten des ART informiert.<\/p>\n<p><strong>Bankverbindung:<\/strong><\/p>\n<p>UBS Switzerland AG, 8070 Z\u00fcrich<br \/>\nIBAN: CH06 0021 5215 3112 7701 U<br \/>\nBIC\/SWIFT: UBSWCHZH80A<\/p>\n<p>Sollten Sie an der \u00dcbernahme einer Patenschaft interessiert sein, spenden Sie! Bitte geben Sie, je nachdem f\u00fcr welche Art der Unterst\u00fctzung Sie sich entscheiden, unter dem Verwendungszweck entweder &#8222;Satellitensender&#8220;, &#8222;Satellitenzeit&#8220; oder &#8222;Datenlogger&#8220; an. Bei der Finanzierung eines Senders oder Datenloggers ben\u00f6tigen wir auch den von Ihnen gew\u00e4hlten Namen f\u00fcr den Pinguin (z.B. &#8222;Satellitensender Peter&#8220;). Sie erhalten umgehend eine Best\u00e4tigung \u00fcber den Eingang Ihrer Spende.<\/p>\n<p>Sollten Sie Fragen haben, <strong><a href=\"http:\/\/www.antarctic-research.de\/?page_id=194\" target=\"_blank\" rel=\"noopener noreferrer\">kontaktieren<\/a><\/strong>&nbsp;Sie uns!<\/p>\n","protected":false},"excerpt":{"rendered":"<p>Zur Erfassung des Verhaltens von Tieren im Meer m\u00fcssen Ger\u00e4te auf den Tieren befestigt werden, die die Aktivit\u00e4ten der Tiere w\u00e4hrend ihres Aufenthalts im Meer registrieren. So geben z.B. Satellitensender und GPS-Fahrtenschreiber Aufschluss \u00fcber den Aufenthaltsort, Tauchtiefenrekorder zeichnen zudem die <span class=\"excerpt-dots\">&hellip;<\/span> <a class=\"more-link\" href=\"https:\/\/antarctic-research.de\/wordpress2014\/unterstuetzung\/patenschaften\/\"><span class=\"more-msg\">Weiterlesen &rarr;<\/span><\/a><\/p>\n","protected":false},"author":1,"featured_media":0,"parent":119,"menu_order":0,"comment_status":"closed","ping_status":"open","template":"","meta":{"ngg_post_thumbnail":0,"footnotes":""},"class_list":["post-123","page","type-page","status-publish","hentry"],"_links":{"self":[{"href":"https:\/\/antarctic-research.de\/wordpress2014\/wp-json\/wp\/v2\/pages\/123","targetHints":{"allow":["GET"]}}],"collection":[{"href":"https:\/\/antarctic-research.de\/wordpress2014\/wp-json\/wp\/v2\/pages"}],"about":[{"href":"https:\/\/antarctic-research.de\/wordpress2014\/wp-json\/wp\/v2\/types\/page"}],"author":[{"embeddable":true,"href":"https:\/\/antarctic-research.de\/wordpress2014\/wp-json\/wp\/v2\/users\/1"}],"replies":[{"embeddable":true,"href":"https:\/\/antarctic-research.de\/wordpress2014\/wp-json\/wp\/v2\/comments?post=123"}],"version-history":[{"count":51,"href":"https:\/\/antarctic-research.de\/wordpress2014\/wp-json\/wp\/v2\/pages\/123\/revisions"}],"predecessor-version":[{"id":2385,"href":"https:\/\/antarctic-research.de\/wordpress2014\/wp-json\/wp\/v2\/pages\/123\/revisions\/2385"}],"up":[{"embeddable":true,"href":"https:\/\/antarctic-research.de\/wordpress2014\/wp-json\/wp\/v2\/pages\/119"}],"wp:attachment":[{"href":"https:\/\/antarctic-research.de\/wordpress2014\/wp-json\/wp\/v2\/media?parent=123"}],"curies":[{"name":"wp","href":"https:\/\/api.w.org\/{rel}","templated":true}]}}