{"id":119,"date":"2014-08-12T20:49:43","date_gmt":"2014-08-12T20:49:43","guid":{"rendered":"http:\/\/antarctic-research.de\/wordpress2014\/?page_id=119"},"modified":"2026-03-24T11:14:00","modified_gmt":"2026-03-24T10:14:00","slug":"unterstuetzung","status":"publish","type":"page","link":"https:\/\/antarctic-research.de\/wordpress2014\/unterstuetzung\/","title":{"rendered":"Unterst\u00fctzung"},"content":{"rendered":"<p><strong>Sie k\u00f6nnen entweder unsere wissenschaftliche Forschung oder unsere Naturschutz-Aktionen unterst\u00fctzen.<\/strong><\/p>\n<p align=\"justify\">&nbsp;<\/p>\n<p style=\"color: #333333; text-align: justify;\" align=\"justify\"><strong>Wissenschaftliche Forschung:<\/strong><\/p>\n<p style=\"color: #333333; text-align: justify;\" align=\"justify\">Die wissenschaftlichen Projekte des ART sollen dazu beitragen, unsere Kenntnisse \u00fcber die Tier- und Pflanzenwelt der Antarktis und angrenzender Gebiete zu erweitern und dadurch die Grundlage f\u00fcr einen fundierten Arten- und Habitatschutz zu schaffen. Unser Forschungsschwerpunkt ist das Verhalten der Tiere im Meer, wo sie sich in der Regel einer direkten Beobachtung entziehen. Daher m\u00fcssen technische Hilfsmittel eingesetzt werden, die die Aktivit\u00e4ten der Tiere w\u00e4hrend ihres Aufenthalts im Meer registrieren. So geben z.B. Satellitensender, die an den Tieren befestigt werden, Aufschluss \u00fcber ihre Wanderwege, oder Tauchtiefenrekorder zeichnen die Bewegungen der Tiere im dreidimensionalen Raum auf.<\/p>\n<p style=\"color: #333333; text-align: justify;\" align=\"justify\">Spendengelder werden in der Regel nur zur Finanzierung von Sachmitteln eingesetzt. Die Durchf\u00fchrung wissenschaftlicher Projekte und auch die Verwaltung erfolgen auf ehrenamtlicher Basis, d.h. Personalkosten werden nicht \u00fcbernommen, es sei denn, es handelt sich um Ausbildungsprojekte, in denen Personen, die sich f\u00fcr den Schutz der Tierarten in der Antarktis und der Subantarktis einsetzen, gef\u00f6rdert werden k\u00f6nnen. \u00dcbernehmen Sie die <a href=\"http:\/\/www.antarctic-research.de\/?page_id=123\" target=\"_blank\" rel=\"noopener noreferrer\">Patenschaft<\/a> f\u00fcr einen Pinguin!<\/p>\n<p align=\"justify\"><strong>Naturschutz:<\/strong><\/p>\n<p align=\"justify\">Auf den Falklands haben wir mehrere Inseln erworben. Die naturbelassenen und \u00f6kologisch intakten <a href=\"http:\/\/www.antarctic-research.de\/?page_id=125\" target=\"_blank\" rel=\"noopener noreferrer\">Sea Lion Islands<\/a> wollen wir unter Naturschutz stellen, auf <a href=\"http:\/\/www.antarctic-research.de\/?page_id=695\" target=\"_blank\" rel=\"noopener noreferrer\">Hummock Island<\/a> durch umfangreiche Renaturierungs-Ma\u00dfnahmen die fortschreitende Erosion stoppen und die Insel wieder zu einem Naturparadies machen.<\/p>\n<p style=\"color: #333333; text-align: justify;\" align=\"justify\"><strong>Wie finanzieren wir unsere Projekte und wie k\u00f6nnen Sie uns dabei helfen?<\/strong><\/p>\n<ul style=\"color: #333333;\">\n<li><a href=\"http:\/\/www.antarctic-research.de\/?page_id=128\" target=\"_blank\" rel=\"noopener noreferrer\">Spenden<\/a>&nbsp;Sie!<\/li>\n<li style=\"text-align: justify;\">\u00dcbernehmen Sie eine&nbsp;<a href=\"http:\/\/www.antarctic-research.de\/?page_id=123\" target=\"_blank\" rel=\"noopener noreferrer\">Patenschaft<\/a>!<\/li>\n<li style=\"text-align: justify;\">Werden Sie Mit-Begr\u00fcnder eines&nbsp;<a href=\"http:\/\/www.antarctic-research.de\/?page_id=125\" target=\"_blank\" rel=\"noopener noreferrer\">Naturschutzgebietes<\/a> auf den Sea Lion Islands!<\/li>\n<li>Unterst\u00fctzen Sie unsere <a href=\"http:\/\/www.antarctic-research.de\/?page_id=695\" target=\"_blank\" rel=\"noopener noreferrer\">Renaturierungs-Ma\u00dfnahmen<\/a> auf Hummock Island.<\/li>\n<li style=\"text-align: justify;\">Erwerben Sie unseren&nbsp;<a href=\"http:\/\/www.amazon.de\/Antarktische-Halbinsel-Falkland-Inseln-S%C3%BCdgeorgien-Reisebegleiter\/dp\/303300606X\" target=\"_blank\" rel=\"noopener noreferrer\">Reisebegleiter<\/a>, das&nbsp;<a href=\"http:\/\/www.amazon.de\/Tierwelt-Antarktis-Subantarktis-Bestimmungsbuch-Nachschlagewerk\/dp\/3033017916\/ref=sr_1_1?ie=UTF8&amp;s=books&amp;qid=1253257005&amp;sr=8-1\" target=\"_blank\" rel=\"noopener noreferrer\">Tier-Bestimmungsbuch<\/a>&nbsp;oder unseren gro\u00dfformatigen&nbsp;<a href=\"http:\/\/www.antarctic-research.de\/?page_id=351\" target=\"_blank\" rel=\"noopener noreferrer\">Bild-Kalender<\/a>!<\/li>\n<\/ul>\n<blockquote class=\"webkit-indent-blockquote\" style=\"color: #333333;\"><p><span class=\"Apple-style-span\" style=\"font-weight: bold;\">Bankverbindung:<\/span><\/p>\n<p>UBS Switzerland AG, 8070 Z\u00fcrich<br \/>\nIBAN: CH06 0021 5215 3112 7701 U<br \/>\nBIC\/SWIFT: UBSWCHZH80A<\/p><\/blockquote>\n<p>&nbsp;<\/p>\n","protected":false},"excerpt":{"rendered":"<p>Sie k\u00f6nnen entweder unsere wissenschaftliche Forschung oder unsere Naturschutz-Aktionen unterst\u00fctzen. &nbsp; Wissenschaftliche Forschung: Die wissenschaftlichen Projekte des ART sollen dazu beitragen, unsere Kenntnisse \u00fcber die Tier- und Pflanzenwelt der Antarktis und angrenzender Gebiete zu erweitern und dadurch die Grundlage f\u00fcr <span class=\"excerpt-dots\">&hellip;<\/span> <a class=\"more-link\" href=\"https:\/\/antarctic-research.de\/wordpress2014\/unterstuetzung\/\"><span class=\"more-msg\">Weiterlesen &rarr;<\/span><\/a><\/p>\n","protected":false},"author":1,"featured_media":121,"parent":0,"menu_order":5,"comment_status":"closed","ping_status":"open","template":"","meta":{"ngg_post_thumbnail":0,"footnotes":""},"class_list":["post-119","page","type-page","status-publish","has-post-thumbnail","hentry"],"_links":{"self":[{"href":"https:\/\/antarctic-research.de\/wordpress2014\/wp-json\/wp\/v2\/pages\/119","targetHints":{"allow":["GET"]}}],"collection":[{"href":"https:\/\/antarctic-research.de\/wordpress2014\/wp-json\/wp\/v2\/pages"}],"about":[{"href":"https:\/\/antarctic-research.de\/wordpress2014\/wp-json\/wp\/v2\/types\/page"}],"author":[{"embeddable":true,"href":"https:\/\/antarctic-research.de\/wordpress2014\/wp-json\/wp\/v2\/users\/1"}],"replies":[{"embeddable":true,"href":"https:\/\/antarctic-research.de\/wordpress2014\/wp-json\/wp\/v2\/comments?post=119"}],"version-history":[{"count":24,"href":"https:\/\/antarctic-research.de\/wordpress2014\/wp-json\/wp\/v2\/pages\/119\/revisions"}],"predecessor-version":[{"id":2384,"href":"https:\/\/antarctic-research.de\/wordpress2014\/wp-json\/wp\/v2\/pages\/119\/revisions\/2384"}],"wp:featuredmedia":[{"embeddable":true,"href":"https:\/\/antarctic-research.de\/wordpress2014\/wp-json\/wp\/v2\/media\/121"}],"wp:attachment":[{"href":"https:\/\/antarctic-research.de\/wordpress2014\/wp-json\/wp\/v2\/media?parent=119"}],"curies":[{"name":"wp","href":"https:\/\/api.w.org\/{rel}","templated":true}]}}