{"id":107,"date":"2014-08-12T20:33:59","date_gmt":"2014-08-12T20:33:59","guid":{"rendered":"http:\/\/antarctic-research.de\/wordpress2014\/?page_id=107"},"modified":"2025-08-07T11:39:56","modified_gmt":"2025-08-07T09:39:56","slug":"naturschutz","status":"publish","type":"page","link":"https:\/\/antarctic-research.de\/wordpress2014\/research-conservation-2-2\/naturschutz\/","title":{"rendered":"Naturschutz"},"content":{"rendered":"<p style=\"text-align: justify;\"><a href=\"https:\/\/antarctic-research.de\/wordpress2014\/wp-content\/uploads\/2014\/08\/brandy01ds-mittlere-webansichtiba_logo.jpg\"><img loading=\"lazy\" decoding=\"async\" class=\" wp-image-108 alignleft\" src=\"https:\/\/antarctic-research.de\/wordpress2014\/wp-content\/uploads\/2014\/08\/brandy01ds-mittlere-webansichtiba_logo-300x190.jpg\" alt=\"brandy01ds-mittlere-webansichtiba_logo\" width=\"410\" height=\"267\"><\/a><span style=\"color: #333333;\">Im Jahre 2004 hat der ART vier kleine Inseln im S\u00fcden der Falkland Inseln erworben: Rum (7 ha), Brandy (25 ha), Whiskey (13 ha) and Sea Lion Easterly (85 ha).&nbsp; Diese Inseln wurden in der Vergangenheit weder bewohnt noch wurden fremde Tier- und Pflanzenarten eingef\u00fchrt. Daher stellen diese unber\u00fchrten Inseln ein R\u00fcckzugsgebiet f\u00fcr die urspr\u00fcngliche Flora und Fauna dar, darunter einer ganzen Reihe von endemischen und in ihrem Bestand bedrohten Arten. Im Jahre 2006 wurden die Inseln zudem von BirdLife International als &#8222;Important Bird Area&#8220; ausgewiesen*. Der ART hat es sich zur Aufgabe gemacht, diese Inseln und ihre Bewohner auch in Zukunft vor jeglicher Nutzung zu sch\u00fctzen. Erste Erfassungen der Flora und Fauna im November 2008, 2011, 2013 und 2021 ergaben 29 Pflanzenarten, darunter eine endemische Art, 31 Vogelarten, darunter zwei endemische Arten, und 3 Robbenarten (siehe <a href=\"https:\/\/antarctic-research.de\/wordpress2014\/wp-content\/uploads\/2014\/08\/expeditionsbericht-sli.pdf\" target=\"_blank\" rel=\"noopener noreferrer\">Expeditionsbericht<\/a>).<br \/>\n<\/span><\/p>\n<p style=\"text-align: justify;\">&nbsp;*FK015 in: Sanders, SM. Ed. (2006) Important Bird Areas in the United Kingdom Overseas Territories. Sandy, UK<\/p>\n<p style=\"text-align: justify;\"><img loading=\"lazy\" decoding=\"async\" class=\" wp-image-687 alignright\" src=\"https:\/\/antarctic-research.de\/wordpress2014\/wp-content\/uploads\/2014\/08\/Hummock.jpg\" alt=\"\" width=\"394\" height=\"350\" srcset=\"https:\/\/antarctic-research.de\/wordpress2014\/wp-content\/uploads\/2014\/08\/Hummock.jpg 877w, https:\/\/antarctic-research.de\/wordpress2014\/wp-content\/uploads\/2014\/08\/Hummock-300x266.jpg 300w, https:\/\/antarctic-research.de\/wordpress2014\/wp-content\/uploads\/2014\/08\/Hummock-768x680.jpg 768w\" sizes=\"auto, (max-width: 394px) 100vw, 394px\" \/><\/p>\n<p style=\"text-align: justify;\">In 2016 hat der ART Hummock Island (303 ha) im Westen der Falklandinseln erworben. Wie bei den Sea Lion Islands wurde Hummock in 2006 als &#8218;Important Bird Area&#8216; von BirdLife International ausgewiesen*. Im Gegensatz zu den Sea Lion Islands wurde Hummock aber in der Vergangenheit durch Schafe und Pferde beweidet, wodurch sich gro\u00dfe erodierte Fl\u00e4chen gebildet haben, die sich trotz der Entfernung der Weidetiere im Jahr 1981 weiter ausbreiten. The ART m\u00f6chte diese Inseln durch Renaturierung der erodierten Fl\u00e4chen in den kommenden Jahren in ihren urspr\u00fcnglichen Zustand zur\u00fcckversetzen. Au\u00dferdem wurde eine wissenschaftliche Station, das &#8222;<em>House of ART<\/em>&#8222;, auf der Insel errichtet und am 13. November 2018 offiziell eingeweiht, die seitdem regelm\u00e4\u00dfig von Wissenschaftlern verschiedenster Arbeitsgruppen und &#8222;Tussockgras-Pflanzern&#8220; genutzt wird.<\/p>\n<p>*FK06 in: Sanders, SM. Ed. (2006) Important Bird Areas in the United Kingdom Overseas Territories. Sandy, UK<\/p>\n<p><a href=\"https:\/\/antarctic-research.de\/wordpress2014\/wp-content\/uploads\/2018\/03\/20171201-Penguin-News_Hummock.pdf\" target=\"_blank\" rel=\"noopener noreferrer\">Artikel<\/a> in der <em>Penguin News<\/em> vom 1. Dezember 2017 \u00fcber den Bau-Beginn der Forschungstation und die Renaturierung.<\/p>\n<p style=\"text-align: justify;\"><a href=\"https:\/\/youtu.be\/xvz-RzQiPIY\" target=\"_blank\" rel=\"noopener noreferrer\">Dokumentationsfilm<\/a> \u00fcber unsere bisherigen Aktivit\u00e4ten (Stand Januar 2023) auf der Hummockinsel.<\/p>\n<p style=\"text-align: justify;\">Seit April 2019 wurde in mehreren gro\u00dfen Aktionen neues Tussockgras angepflanzt, um die Erosion aufzuhalten und neues Pflanzenwachstum zu f\u00f6rdern. Bisher (Juni 2025) wurden insgesamt \u00fcber 170,000 Setzlinge gepflanzt, weitere Pflanzaktionen, auch mit anderen einheimischen Pflanzenarten, sollen so lange erfolgen bis sich wieder eine durchgehende Pflanzendecke etabliert hat.<\/p>\n<div id=\"attachment_1094\" style=\"width: 1290px\" class=\"wp-caption alignnone\"><img loading=\"lazy\" decoding=\"async\" aria-describedby=\"caption-attachment-1094\" class=\"wp-image-1094 size-full\" src=\"https:\/\/antarctic-research.de\/wordpress2014\/wp-content\/uploads\/2019\/05\/Windy-Valley-and-SW-Bay-1_Moment-7_low-res.jpg\" alt=\"\" width=\"1280\" height=\"720\" srcset=\"https:\/\/antarctic-research.de\/wordpress2014\/wp-content\/uploads\/2019\/05\/Windy-Valley-and-SW-Bay-1_Moment-7_low-res.jpg 1280w, https:\/\/antarctic-research.de\/wordpress2014\/wp-content\/uploads\/2019\/05\/Windy-Valley-and-SW-Bay-1_Moment-7_low-res-300x169.jpg 300w, https:\/\/antarctic-research.de\/wordpress2014\/wp-content\/uploads\/2019\/05\/Windy-Valley-and-SW-Bay-1_Moment-7_low-res-768x432.jpg 768w, https:\/\/antarctic-research.de\/wordpress2014\/wp-content\/uploads\/2019\/05\/Windy-Valley-and-SW-Bay-1_Moment-7_low-res-1024x576.jpg 1024w\" sizes=\"auto, (max-width: 1280px) 100vw, 1280px\" \/><p id=\"caption-attachment-1094\" class=\"wp-caption-text\">Tussockgras-Setzlinge auf erodiertem Torfboden<\/p><\/div>\n<div id=\"attachment_1093\" style=\"width: 1290px\" class=\"wp-caption alignnone\"><img loading=\"lazy\" decoding=\"async\" aria-describedby=\"caption-attachment-1093\" class=\"wp-image-1093 size-full\" src=\"https:\/\/antarctic-research.de\/wordpress2014\/wp-content\/uploads\/2019\/05\/SW-Bay_Moment-6_lowres.jpg\" alt=\" \" width=\"1280\" height=\"720\" srcset=\"https:\/\/antarctic-research.de\/wordpress2014\/wp-content\/uploads\/2019\/05\/SW-Bay_Moment-6_lowres.jpg 1280w, https:\/\/antarctic-research.de\/wordpress2014\/wp-content\/uploads\/2019\/05\/SW-Bay_Moment-6_lowres-300x169.jpg 300w, https:\/\/antarctic-research.de\/wordpress2014\/wp-content\/uploads\/2019\/05\/SW-Bay_Moment-6_lowres-768x432.jpg 768w, https:\/\/antarctic-research.de\/wordpress2014\/wp-content\/uploads\/2019\/05\/SW-Bay_Moment-6_lowres-1024x576.jpg 1024w\" sizes=\"auto, (max-width: 1280px) 100vw, 1280px\" \/><p id=\"caption-attachment-1093\" class=\"wp-caption-text\">Forschungsstation &#8218;House of ART&#8216; auf renaturierter Halbinsel<\/p><\/div>\n<p>&nbsp;<\/p>\n","protected":false},"excerpt":{"rendered":"<p>Im Jahre 2004 hat der ART vier kleine Inseln im S\u00fcden der Falkland Inseln erworben: Rum (7 ha), Brandy (25 ha), Whiskey (13 ha) and Sea Lion Easterly (85 ha).&nbsp; Diese Inseln wurden in der Vergangenheit weder bewohnt noch wurden <span class=\"excerpt-dots\">&hellip;<\/span> <a class=\"more-link\" href=\"https:\/\/antarctic-research.de\/wordpress2014\/research-conservation-2-2\/naturschutz\/\"><span class=\"more-msg\">Weiterlesen &rarr;<\/span><\/a><\/p>\n","protected":false},"author":1,"featured_media":0,"parent":27,"menu_order":2,"comment_status":"closed","ping_status":"open","template":"","meta":{"ngg_post_thumbnail":0,"footnotes":""},"class_list":["post-107","page","type-page","status-publish","hentry"],"_links":{"self":[{"href":"https:\/\/antarctic-research.de\/wordpress2014\/wp-json\/wp\/v2\/pages\/107","targetHints":{"allow":["GET"]}}],"collection":[{"href":"https:\/\/antarctic-research.de\/wordpress2014\/wp-json\/wp\/v2\/pages"}],"about":[{"href":"https:\/\/antarctic-research.de\/wordpress2014\/wp-json\/wp\/v2\/types\/page"}],"author":[{"embeddable":true,"href":"https:\/\/antarctic-research.de\/wordpress2014\/wp-json\/wp\/v2\/users\/1"}],"replies":[{"embeddable":true,"href":"https:\/\/antarctic-research.de\/wordpress2014\/wp-json\/wp\/v2\/comments?post=107"}],"version-history":[{"count":56,"href":"https:\/\/antarctic-research.de\/wordpress2014\/wp-json\/wp\/v2\/pages\/107\/revisions"}],"predecessor-version":[{"id":2330,"href":"https:\/\/antarctic-research.de\/wordpress2014\/wp-json\/wp\/v2\/pages\/107\/revisions\/2330"}],"up":[{"embeddable":true,"href":"https:\/\/antarctic-research.de\/wordpress2014\/wp-json\/wp\/v2\/pages\/27"}],"wp:attachment":[{"href":"https:\/\/antarctic-research.de\/wordpress2014\/wp-json\/wp\/v2\/media?parent=107"}],"curies":[{"name":"wp","href":"https:\/\/api.w.org\/{rel}","templated":true}]}}